{"id":1188,"date":"2020-02-27T07:02:23","date_gmt":"2020-02-27T07:02:23","guid":{"rendered":"https:\/\/www.mz-wittlich.de\/?page_id=1188"},"modified":"2020-02-27T09:57:34","modified_gmt":"2020-02-27T09:57:34","slug":"desklab-photometer","status":"publish","type":"page","link":"https:\/\/www.mz-wittlich.de\/?page_id=1188","title":{"rendered":"desklab &#8211; Photometer"},"content":{"rendered":"\n<h2 class=\"wp-block-heading\">Jetzt neu im Verleih !!<\/h2>\n\n\n\n<figure class=\"wp-block-image size-large\"><a href=\"https:\/\/www.desk-lab.de\/set\/\" target=\"_blank\" rel=\"noreferrer noopener\"><img loading=\"lazy\" decoding=\"async\" width=\"982\" height=\"417\" src=\"https:\/\/www.mz-wittlich.de\/wp-content\/uploads\/2020\/02\/2020-DeskLab1.jpg\" alt=\"\" class=\"wp-image-1190\" srcset=\"https:\/\/www.mz-wittlich.de\/wp-content\/uploads\/2020\/02\/2020-DeskLab1.jpg 982w, https:\/\/www.mz-wittlich.de\/wp-content\/uploads\/2020\/02\/2020-DeskLab1-300x127.jpg 300w, https:\/\/www.mz-wittlich.de\/wp-content\/uploads\/2020\/02\/2020-DeskLab1-768x326.jpg 768w, https:\/\/www.mz-wittlich.de\/wp-content\/uploads\/2020\/02\/2020-DeskLab1-150x64.jpg 150w\" sizes=\"auto, (max-width: 982px) 100vw, 982px\" \/><\/a><figcaption>Quelle: desklab (<a href=\"http:\/\/www.desk-lab.de\/\" target=\"_blank\" rel=\"noreferrer noopener\" aria-label=\"www.desk-lab.de (\u00f6ffnet in neuem Tab)\">www.desk-lab.de<\/a>)<\/figcaption><\/figure>\n\n\n\n<h4 class=\"wp-block-heading\">Einsatzm\u00f6glichkeiten<\/h4>\n\n\n\n<p>Im Unterricht kann das desklab Photometer entweder f\u00fcr verschiedene <a href=\"https:\/\/www.desk-lab.de\/set\/experiments\/\" target=\"_blank\" rel=\"noreferrer noopener\" aria-label=\"Experimente (\u00f6ffnet in neuem Tab)\">Experimente<\/a> als Messger\u00e4t eingesetzt oder die Messmethode Photometrie kennengelernt werden.<\/p>\n\n\n\n<p>Dazu eignet sich besonders der modulartige Aufbau, bei dem die Themenfelder Signalverarbeitung, elektrische Schaltungen sowie Fehlertoleranz und Messgenauigkeit thematisiert werden k\u00f6nnen.<\/p>\n\n\n\n<p>Beispiele f\u00fcr <a rel=\"noreferrer noopener\" aria-label=\"Unterrichtsreihen (\u00f6ffnet in neuem Tab)\" href=\"https:\/\/www.desk-lab.de\/docs-intro\/\" target=\"_blank\">Unterrichtsreihen<\/a> in den einzelnen F\u00e4chern und die passenden Unterrichtsmaterialien finden sie im <a rel=\"noreferrer noopener\" aria-label=\"Lehrerportal (\u00f6ffnet in neuem Tab)\" href=\"https:\/\/www.desk-lab.de\/docs-intro\/docs-policy\/\" target=\"_blank\">Lehrerportal<\/a>.<\/p>\n\n\n\n<h4 class=\"wp-block-heading\">Was kann wie und wo ausgeliehen werden?<\/h4>\n\n\n\n<p>Das  Klassenset mit 15 Experimentier-Sets zum Experimentieren und Forschen im naturwissenschaftlichen und technischen Unterricht kann \u00fcber die <a href=\"https:\/\/inmis.bildung-rp.de\/detailKundenmedien.asp?medium=35336\" target=\"_blank\" rel=\"noreferrer noopener\" aria-label=\"inMIS-Ausleihplattform (\u00f6ffnet in neuem Tab)\">inMIS-Ausleihplattform<\/a> des Landes gebucht und ausgeliehen werden.<\/p>\n\n\n\n<p><strong>Das Klassenset umfasst folgendes Material:<\/strong><\/p>\n\n\n\n<p>15 Desklab-Photometern in drei Eurokisten auf Rollen mit Deckel.<br> In jeder Eurobox sind 5 kleine Boxen mit jeweils einem Photometer und Zubeh\u00f6r.<\/p>\n\n\n\n<div class=\"wp-block-image\"><figure class=\"alignright size-large is-resized\"><img loading=\"lazy\" decoding=\"async\" src=\"https:\/\/www.mz-wittlich.de\/wp-content\/uploads\/2020\/02\/2020-DeskLab3.png\" alt=\"\" class=\"wp-image-1197\" width=\"248\" height=\"215\" srcset=\"https:\/\/www.mz-wittlich.de\/wp-content\/uploads\/2020\/02\/2020-DeskLab3.png 431w, https:\/\/www.mz-wittlich.de\/wp-content\/uploads\/2020\/02\/2020-DeskLab3-300x260.png 300w, https:\/\/www.mz-wittlich.de\/wp-content\/uploads\/2020\/02\/2020-DeskLab3-150x130.png 150w\" sizes=\"auto, (max-width: 248px) 100vw, 248px\" \/><\/figure><\/div>\n\n\n\n<figure class=\"wp-block-image size-large is-resized\"><img loading=\"lazy\" decoding=\"async\" src=\"https:\/\/www.mz-wittlich.de\/wp-content\/uploads\/2020\/02\/2020-DeskLab2.png\" alt=\"\" class=\"wp-image-1196\" width=\"297\" height=\"414\" srcset=\"https:\/\/www.mz-wittlich.de\/wp-content\/uploads\/2020\/02\/2020-DeskLab2.png 522w, https:\/\/www.mz-wittlich.de\/wp-content\/uploads\/2020\/02\/2020-DeskLab2-215x300.png 215w, https:\/\/www.mz-wittlich.de\/wp-content\/uploads\/2020\/02\/2020-DeskLab2-108x150.png 108w\" sizes=\"auto, (max-width: 297px) 100vw, 297px\" \/><\/figure>\n\n\n\n<p><br> In der ersten Eurobox befinden sich:<\/p>\n\n\n\n<ul class=\"wp-block-list\"><li> eine Pappkiste mit 9 USB-Netzteilen und 9 l\u00e4ngeren USB-Kabeln,<\/li><li> drei laminierte Informationsbl\u00e4tter, die die Energieversorgung des Photometers und den Einsatz der Netzteile beschreiben,<\/li><li> eine laminierte Kopiervorlage einer Sch\u00fclernutzungsliste (es ist sinnvoll, dass die Sch\u00fclertandems immer mit der gleichen Box arbeiten),<\/li><li> auf dem Deckel die Abbildungen der Photometer mit Zubeh\u00f6r zur leichteren Kontrolle und als Einr\u00e4umhilfe.<\/li><li> Eine laminierte <a href=\"https:\/\/www.mz-wittlich.de\/wp-content\/uploads\/2020\/02\/2020-DeskLab-checkliste_kopiervorlage.pdf\" target=\"_blank\" rel=\"noreferrer noopener\" aria-label=\"Checkliste (\u00f6ffnet in neuem Tab)\">Checkliste<\/a> f\u00fcr die \u00dcberpr\u00fcfung der Ausstattung als Kopiervorlage<\/li><\/ul>\n\n\n\n<p>Die Boxen sind auf den kurzen Seiten nummeriert, so dass man die korrekte Anzahl durch die Gitterbox gleich erkennen kann, ohne sie zu \u00f6ffnen.<\/p>\n\n\n\n<p>Die Zugangsdaten f\u00fcr das <a href=\"https:\/\/www.desk-lab.de\/accounts\/login\/?next=\/docs\/\" target=\"_blank\" rel=\"noreferrer noopener\" aria-label=\"Lehrerportal  (\u00f6ffnet in neuem Tab)\">Lehrerportal <\/a>eralten Sie, wenn Sie die Materialien im Medienzentrum ausleihen und abholen.<\/p>\n","protected":false},"excerpt":{"rendered":"<p>Jetzt neu im Verleih !! Einsatzm\u00f6glichkeiten Im Unterricht kann das desklab Photometer entweder f\u00fcr verschiedene Experimente als Messger\u00e4t eingesetzt oder die Messmethode Photometrie kennengelernt werden. Dazu eignet sich besonders der modulartige Aufbau, bei dem die Themenfelder Signalverarbeitung, elektrische Schaltungen sowie Fehlertoleranz und Messgenauigkeit thematisiert werden k\u00f6nnen. Beispiele f\u00fcr Unterrichtsreihen in\u2026<\/p>\n<p> <a class=\"continue-reading-link\" href=\"https:\/\/www.mz-wittlich.de\/?page_id=1188\"><span>Weiterlesen..<\/span><i class=\"crycon-right-dir\"><\/i><\/a> <\/p>\n","protected":false},"author":1,"featured_media":0,"parent":0,"menu_order":0,"comment_status":"closed","ping_status":"closed","template":"","meta":{"footnotes":""},"class_list":["post-1188","page","type-page","status-publish","hentry"],"_links":{"self":[{"href":"https:\/\/www.mz-wittlich.de\/index.php?rest_route=\/wp\/v2\/pages\/1188","targetHints":{"allow":["GET"]}}],"collection":[{"href":"https:\/\/www.mz-wittlich.de\/index.php?rest_route=\/wp\/v2\/pages"}],"about":[{"href":"https:\/\/www.mz-wittlich.de\/index.php?rest_route=\/wp\/v2\/types\/page"}],"author":[{"embeddable":true,"href":"https:\/\/www.mz-wittlich.de\/index.php?rest_route=\/wp\/v2\/users\/1"}],"replies":[{"embeddable":true,"href":"https:\/\/www.mz-wittlich.de\/index.php?rest_route=%2Fwp%2Fv2%2Fcomments&post=1188"}],"version-history":[{"count":7,"href":"https:\/\/www.mz-wittlich.de\/index.php?rest_route=\/wp\/v2\/pages\/1188\/revisions"}],"predecessor-version":[{"id":1202,"href":"https:\/\/www.mz-wittlich.de\/index.php?rest_route=\/wp\/v2\/pages\/1188\/revisions\/1202"}],"wp:attachment":[{"href":"https:\/\/www.mz-wittlich.de\/index.php?rest_route=%2Fwp%2Fv2%2Fmedia&parent=1188"}],"curies":[{"name":"wp","href":"https:\/\/api.w.org\/{rel}","templated":true}]}}