{"id":1257,"date":"2020-03-24T07:30:37","date_gmt":"2020-03-24T07:30:37","guid":{"rendered":"https:\/\/www.mz-wittlich.de\/?page_id=1257"},"modified":"2020-03-24T13:15:00","modified_gmt":"2020-03-24T13:15:00","slug":"unterrichten-mit-anton-app","status":"publish","type":"page","link":"https:\/\/www.mz-wittlich.de\/?page_id=1257","title":{"rendered":"Unterrichten mit Anton &#8211; App"},"content":{"rendered":"\n<p>Anton ist eine kostenlose Lern-App f\u00fcr PC, Notebook, Tablet und Smartphone. Man findet dort alle wichtigen Themen aus den Schulf\u00e4chern, passend zum jeweiligen Lehrplan.<br>Lehrer k\u00f6nnen f\u00fcr ihre Sch\u00fcler Klassen anlegen und Themen in einer Art Wochenplan zusammenstellen und in Form von Links oder QR-Codes bereitstellen bzw. verteilen. Dabei k\u00f6nnen sie auch sehen, wie der Lernfortschritt der Sch\u00fcler ist.<\/p>\n\n\n\n<p>Man kann aus \u00fcber 100.000 Aufgaben und mehr als 200 \u00dcbungstypen, Lernspielen und interaktiven Erkl\u00e4rungen w\u00e4hlen.<\/p>\n\n\n\n<p>Link zu Anton:   <a rel=\"noreferrer noopener\" aria-label=\"Anton Internetseite (\u00f6ffnet in neuem Tab)\" href=\"https:\/\/anton.app\/de\/\" target=\"_blank\">Anton Internetseite<\/a><\/p>\n\n\n\n<p>Hier finden Sie eine Anleitung, wie man mit Anton arbeitet.<\/p>\n\n\n<a class=\"maxbutton-2 maxbutton maxbutton-link\" target=\"_blank\" title=\"tooltip\" rel=\"nofollow noopener\" href=\"https:\/\/www.mz-wittlich.de\/wp-content\/uploads\/2020\/03\/ANTON-Einfu\u0308hrung-Kurzfassung.pdf\"><span class='mb-text'>Download - ANTON-Einfu\u0308hrung-Kurzfassung<\/span><\/a>\n\n\n\n<p><\/p>\n\n\n<a class=\"maxbutton-2 maxbutton maxbutton-link\" target=\"_blank\" title=\"tooltip\" rel=\"nofollow noopener\" href=\"https:\/\/www.mz-wittlich.de\/wp-content\/uploads\/2020\/03\/ANTON-Einfu\u0308hrung-Schritt-fu\u0308r-Schritt.pdf\"><span class='mb-text'>Download - ANTON-Einfu\u0308hrung-Schritt-fu\u0308r-Schritt (lang)<\/span><\/a>\n\n\n\n<p> <\/p>\n\n\n\n<figure class=\"wp-block-embed-youtube wp-block-embed is-type-video is-provider-youtube wp-embed-aspect-16-9 wp-has-aspect-ratio\"><div class=\"wp-block-embed__wrapper\">\n<iframe loading=\"lazy\" title=\"Anton App Erkl\u00e4rvideo; Einsatz f\u00fcr Schule und Eltern\" width=\"900\" height=\"506\" src=\"https:\/\/www.youtube.com\/embed\/iHbHwrLCg6I?feature=oembed\" frameborder=\"0\" allow=\"accelerometer; autoplay; encrypted-media; gyroscope; picture-in-picture\" allowfullscreen><\/iframe>\n<\/div><\/figure>\n","protected":false},"excerpt":{"rendered":"<p>Anton ist eine kostenlose Lern-App f\u00fcr PC, Notebook, Tablet und Smartphone. Man findet dort alle wichtigen Themen aus den Schulf\u00e4chern, passend zum jeweiligen Lehrplan.Lehrer k\u00f6nnen f\u00fcr ihre Sch\u00fcler Klassen anlegen und Themen in einer Art Wochenplan zusammenstellen und in Form von Links oder QR-Codes bereitstellen bzw. verteilen. Dabei k\u00f6nnen sie\u2026<\/p>\n<p> <a class=\"continue-reading-link\" href=\"https:\/\/www.mz-wittlich.de\/?page_id=1257\"><span>Weiterlesen..<\/span><i class=\"crycon-right-dir\"><\/i><\/a> <\/p>\n","protected":false},"author":1,"featured_media":0,"parent":0,"menu_order":0,"comment_status":"closed","ping_status":"closed","template":"","meta":{"footnotes":""},"class_list":["post-1257","page","type-page","status-publish","hentry"],"_links":{"self":[{"href":"https:\/\/www.mz-wittlich.de\/index.php?rest_route=\/wp\/v2\/pages\/1257","targetHints":{"allow":["GET"]}}],"collection":[{"href":"https:\/\/www.mz-wittlich.de\/index.php?rest_route=\/wp\/v2\/pages"}],"about":[{"href":"https:\/\/www.mz-wittlich.de\/index.php?rest_route=\/wp\/v2\/types\/page"}],"author":[{"embeddable":true,"href":"https:\/\/www.mz-wittlich.de\/index.php?rest_route=\/wp\/v2\/users\/1"}],"replies":[{"embeddable":true,"href":"https:\/\/www.mz-wittlich.de\/index.php?rest_route=%2Fwp%2Fv2%2Fcomments&post=1257"}],"version-history":[{"count":6,"href":"https:\/\/www.mz-wittlich.de\/index.php?rest_route=\/wp\/v2\/pages\/1257\/revisions"}],"predecessor-version":[{"id":1297,"href":"https:\/\/www.mz-wittlich.de\/index.php?rest_route=\/wp\/v2\/pages\/1257\/revisions\/1297"}],"wp:attachment":[{"href":"https:\/\/www.mz-wittlich.de\/index.php?rest_route=%2Fwp%2Fv2%2Fmedia&parent=1257"}],"curies":[{"name":"wp","href":"https:\/\/api.w.org\/{rel}","templated":true}]}}