{"id":1311,"date":"2020-03-31T06:39:54","date_gmt":"2020-03-31T06:39:54","guid":{"rendered":"https:\/\/www.mz-wittlich.de\/?page_id=1311"},"modified":"2020-09-10T09:39:08","modified_gmt":"2020-09-10T09:39:08","slug":"online-lernen-mit-mastertool-online-2","status":"publish","type":"page","link":"https:\/\/www.mz-wittlich.de\/?page_id=1311","title":{"rendered":"Online Lernen mit MasterTool &#8211; online"},"content":{"rendered":"\n<p>Mit Hilfe von MasterTool &#8211; online k\u00f6nne Sie als Lehrerin bzw. Lehrer ihren Sch\u00fclerinnen und Sch\u00fclern verschiedenste Arbeitsmaterialien, die das Land Rheinland-Pfalz bereits f\u00fcr die Schulen angeschafft hat, online zur Verf\u00fcgung stellen.<\/p>\n\n\n\n<p>Auf dieser Seite erfahren Sie:<\/p>\n\n\n\n<ul class=\"wp-block-list\"><li>wie Sie sich bei MasterTool &#8211; online registrieren.<\/li><li>wie Sie Materialpakete finden und sichten.<\/li><li>wie Sie die Materialien den Sch\u00fclerinnen und Sch\u00fclern zur Verf\u00fcgung stellen k\u00f6nnen.<\/li><\/ul>\n\n\n\n<hr class=\"wp-block-separator is-style-wide\"\/>\n\n\n\n<h2 class=\"wp-block-heading\">1. Die Registrierung<\/h2>\n\n\n\n<p>Falls Sie noch keinen Zugang haben, folgen Sie diesem Link: <a rel=\"noreferrer noopener\" aria-label=\"Regiestrierung (\u00f6ffnet in neuem Tab)\" href=\"https:\/\/www.mastertool-online.com\/index.php?Show=license\" target=\"_blank\">Regiestrierung<\/a> <\/p>\n\n\n\n<p>Im ersten Eingabefeld wird nach einer Lizenznummer gefragt. Wenn nicht vorhanden, k\u00f6nnen Sie diese unter Angabe Ihres Namens und Ihrer Schule bei Ihrem Medienzentrum unter <a href=\"mailto:mail@medienzentrum-wittlich.de\">mail@medienzentrum-wittlich.de<\/a> anfordern.<br>F\u00fcllen Sie nun die anderen Eingabefelder entsprechend aus.<br>W\u00e4hlen Sie bei &#8220;Angaben zum Institut&#8221; zuerst Deutschland aus und best\u00e4tigen mit Enter, dann geben Sie die Postleitzahl Ihrer Schule ein und best\u00e4tigen mit Enter und schlie\u00dflich geben Sie den Namen Ihrer Schule ein.<\/p>\n\n\n\n<p>Setzen Sie nun das H\u00e4kchen bei den AGBs und Klicken Sie auf den Button &#8220;Lizenz pr\u00fcfen und anmelden&#8221;<\/p>\n\n\n\n<p>Sie sehen dann eine Meldung, die Ihnen mitteilt, dass an die angegebene Mail-Adresse ein Mail versendet wurde.<br>Mit dieser Mail erhalten Sie umgehend Ihre Zugangsdaten bzw. das Kennwort.<\/p>\n\n\n\n<h4 class=\"wp-block-heading\"><a href=\"https:\/\/www.mz-wittlich.de\/wp-content\/uploads\/2020\/03\/2020-Anmelden-bei-MasterTool-Online.pdf\" target=\"_blank\" rel=\"noreferrer noopener\" aria-label=\"Hier eine Anleitung als PDF-Dokument zum Downloaden (\u00f6ffnet in neuem Tab)\">Hier eine Anleitung als PDF-Dokument zum Downloaden<\/a><\/h4>\n\n\n\n<hr class=\"wp-block-separator is-style-wide\"\/>\n\n\n\n<h2 class=\"wp-block-heading\">Kurzanleitung f\u00fcr MasterTool Online HTML5<\/h2>\n\n\n\n<p><a href=\"https:\/\/www.mastertool.shop\/download\/MasterTool-Online-HTML5-Kurzanleitung.pdf\" target=\"_blank\" rel=\"noreferrer noopener\">Link zur Kurzanleitung<\/a><\/p>\n\n\n\n<hr class=\"wp-block-separator is-style-wide\"\/>\n\n\n\n<p><\/p>\n","protected":false},"excerpt":{"rendered":"<p>Mit Hilfe von MasterTool &#8211; online k\u00f6nne Sie als Lehrerin bzw. Lehrer ihren Sch\u00fclerinnen und Sch\u00fclern verschiedenste Arbeitsmaterialien, die das Land Rheinland-Pfalz bereits f\u00fcr die Schulen angeschafft hat, online zur Verf\u00fcgung stellen. Auf dieser Seite erfahren Sie: wie Sie sich bei MasterTool &#8211; online registrieren. wie Sie Materialpakete finden und\u2026<\/p>\n<p> <a class=\"continue-reading-link\" href=\"https:\/\/www.mz-wittlich.de\/?page_id=1311\"><span>Weiterlesen..<\/span><i class=\"crycon-right-dir\"><\/i><\/a> <\/p>\n","protected":false},"author":1,"featured_media":0,"parent":0,"menu_order":0,"comment_status":"closed","ping_status":"closed","template":"","meta":{"footnotes":""},"class_list":["post-1311","page","type-page","status-publish","hentry"],"_links":{"self":[{"href":"https:\/\/www.mz-wittlich.de\/index.php?rest_route=\/wp\/v2\/pages\/1311","targetHints":{"allow":["GET"]}}],"collection":[{"href":"https:\/\/www.mz-wittlich.de\/index.php?rest_route=\/wp\/v2\/pages"}],"about":[{"href":"https:\/\/www.mz-wittlich.de\/index.php?rest_route=\/wp\/v2\/types\/page"}],"author":[{"embeddable":true,"href":"https:\/\/www.mz-wittlich.de\/index.php?rest_route=\/wp\/v2\/users\/1"}],"replies":[{"embeddable":true,"href":"https:\/\/www.mz-wittlich.de\/index.php?rest_route=%2Fwp%2Fv2%2Fcomments&post=1311"}],"version-history":[{"count":5,"href":"https:\/\/www.mz-wittlich.de\/index.php?rest_route=\/wp\/v2\/pages\/1311\/revisions"}],"predecessor-version":[{"id":1420,"href":"https:\/\/www.mz-wittlich.de\/index.php?rest_route=\/wp\/v2\/pages\/1311\/revisions\/1420"}],"wp:attachment":[{"href":"https:\/\/www.mz-wittlich.de\/index.php?rest_route=%2Fwp%2Fv2%2Fmedia&parent=1311"}],"curies":[{"name":"wp","href":"https:\/\/api.w.org\/{rel}","templated":true}]}}