{"id":1355,"date":"2020-05-06T11:19:23","date_gmt":"2020-05-06T11:19:23","guid":{"rendered":"https:\/\/www.mz-wittlich.de\/?page_id=1355"},"modified":"2024-06-20T10:39:44","modified_gmt":"2024-06-20T08:39:44","slug":"video-unterricht-konferenzen-mit-webex","status":"publish","type":"page","link":"https:\/\/www.mz-wittlich.de\/?page_id=1355","title":{"rendered":"Video-Unterricht &#038; Konferenzen mit BigBlueButton kurz BBB"},"content":{"rendered":"\n<p>Nun ist sie da, die Landesl\u00f6sung f\u00fcr Video-Unterricht und Konferenzen.<br>Endlich gibt es eine L\u00f6sung, bei der man sich als Lehrer nicht fragen muss, ob das mit dem Datenschutz in RLP vereinbar ist oder nicht. Nat\u00fcrlich sind einige Dinge und Regeln zu beachten. <br>Auf dieser Seite versuchen wir, alle wichtigen Infos und Hilfen zu b\u00fcndeln. Wir beziehen und dabei stark auf Inhalte der Seiten, die man auch bei <a rel=\"noreferrer noopener\" href=\"https:\/\/schuleonline.bildung-rp.de\/digitale-werkzeuge\/videokonferenzen\/erklaervideos-anleitungen-schulungen.html#c111746\" target=\"_blank\">Schuleonline<\/a> auf dem Bildungsserver finden kann.<\/p>\n\n\n\n<p><\/p>\n\n\n\n<hr class=\"wp-block-separator has-css-opacity\"\/>\n\n\n\n<h3 class=\"wp-block-heading\">Video Anleitungen<\/h3>\n\n\n\n<h4 class=\"wp-block-heading\">BBB Meetings &#8211; ausf\u00fchrlich erkl\u00e4rt<\/h4>\n\n\n\n<figure class=\"wp-block-image size-large\"><a href=\"https:\/\/vimeo.com\/470504813\" target=\"_blank\" rel=\"noopener noreferrer\"><img loading=\"lazy\" decoding=\"async\" width=\"904\" height=\"494\" src=\"https:\/\/www.mz-wittlich.de\/wp-content\/uploads\/2020\/11\/2020-BBB-Gastgeber-Ausfuehrlich.png\" alt=\"\" class=\"wp-image-1454\" srcset=\"https:\/\/www.mz-wittlich.de\/wp-content\/uploads\/2020\/11\/2020-BBB-Gastgeber-Ausfuehrlich.png 904w, https:\/\/www.mz-wittlich.de\/wp-content\/uploads\/2020\/11\/2020-BBB-Gastgeber-Ausfuehrlich-300x164.png 300w, https:\/\/www.mz-wittlich.de\/wp-content\/uploads\/2020\/11\/2020-BBB-Gastgeber-Ausfuehrlich-768x420.png 768w, https:\/\/www.mz-wittlich.de\/wp-content\/uploads\/2020\/11\/2020-BBB-Gastgeber-Ausfuehrlich-150x82.png 150w\" sizes=\"auto, (max-width: 904px) 100vw, 904px\" \/><\/a><\/figure>\n\n\n\n<hr class=\"wp-block-separator has-css-opacity\"\/>\n\n\n\n<h4 class=\"wp-block-heading\">BBB Meetings &#8211; Webkonferenzen als&nbsp;Gastgeber starten..<\/h4>\n\n\n\n<hr class=\"wp-block-separator has-css-opacity\"\/>\n\n\n<div class=\"wp-block-image\">\n<figure class=\"aligncenter size-large\"><a href=\"https:\/\/vimeo.com\/412670240\" target=\"_blank\" rel=\"noopener noreferrer\"><img loading=\"lazy\" decoding=\"async\" width=\"495\" height=\"297\" src=\"https:\/\/www.mz-wittlich.de\/wp-content\/uploads\/2020\/11\/2020-BBB-Gastgeber.png\" alt=\"\" class=\"wp-image-1451\" srcset=\"https:\/\/www.mz-wittlich.de\/wp-content\/uploads\/2020\/11\/2020-BBB-Gastgeber.png 495w, https:\/\/www.mz-wittlich.de\/wp-content\/uploads\/2020\/11\/2020-BBB-Gastgeber-300x180.png 300w, https:\/\/www.mz-wittlich.de\/wp-content\/uploads\/2020\/11\/2020-BBB-Gastgeber-150x90.png 150w, https:\/\/www.mz-wittlich.de\/wp-content\/uploads\/2020\/11\/2020-BBB-Gastgeber-250x150.png 250w\" sizes=\"auto, (max-width: 495px) 100vw, 495px\" \/><\/a><\/figure>\n<\/div>\n\n\n<h4 class=\"wp-block-heading\">BBB Meetings &#8211; Webkonferenzen als&nbsp;Teilnehmer starten..<br><\/h4>\n\n\n<div class=\"wp-block-image\">\n<figure class=\"aligncenter size-large is-resized\"><a href=\"https:\/\/vimeo.com\/412671096\" target=\"_blank\" rel=\"noopener noreferrer\"><img loading=\"lazy\" decoding=\"async\" width=\"896\" height=\"527\" src=\"https:\/\/www.mz-wittlich.de\/wp-content\/uploads\/2020\/11\/2020-BBB-Teilnehmer.png\" alt=\"\" class=\"wp-image-1452\" style=\"width:497px;height:292px\" srcset=\"https:\/\/www.mz-wittlich.de\/wp-content\/uploads\/2020\/11\/2020-BBB-Teilnehmer.png 896w, https:\/\/www.mz-wittlich.de\/wp-content\/uploads\/2020\/11\/2020-BBB-Teilnehmer-300x176.png 300w, https:\/\/www.mz-wittlich.de\/wp-content\/uploads\/2020\/11\/2020-BBB-Teilnehmer-768x452.png 768w, https:\/\/www.mz-wittlich.de\/wp-content\/uploads\/2020\/11\/2020-BBB-Teilnehmer-150x88.png 150w\" sizes=\"auto, (max-width: 896px) 100vw, 896px\" \/><\/a><\/figure>\n<\/div>\n\n\n<hr class=\"wp-block-separator has-css-opacity\"\/>\n\n\n\n<p><\/p>\n\n\n\n<h4 class=\"wp-block-heading\">BBB Meetings &#8211; Webkonferenzen mit dem Smartphone&#8230;<br> <\/h4>\n\n\n<div class=\"wp-block-image\">\n<figure class=\"aligncenter size-large is-resized\"><a href=\"https:\/\/vimeo.com\/412671965\" target=\"_blank\" rel=\"noopener noreferrer\"><img loading=\"lazy\" decoding=\"async\" width=\"611\" height=\"341\" src=\"https:\/\/www.mz-wittlich.de\/wp-content\/uploads\/2020\/11\/2020-BBB-Smartphone.png\" alt=\"\" class=\"wp-image-1453\" style=\"width:503px;height:280px\" srcset=\"https:\/\/www.mz-wittlich.de\/wp-content\/uploads\/2020\/11\/2020-BBB-Smartphone.png 611w, https:\/\/www.mz-wittlich.de\/wp-content\/uploads\/2020\/11\/2020-BBB-Smartphone-300x167.png 300w, https:\/\/www.mz-wittlich.de\/wp-content\/uploads\/2020\/11\/2020-BBB-Smartphone-150x84.png 150w\" sizes=\"auto, (max-width: 611px) 100vw, 611px\" \/><\/a><\/figure>\n<\/div>\n\n\n<hr class=\"wp-block-separator has-css-opacity\"\/>\n\n\n\n<p><\/p>\n\n\n\n<h4 class=\"wp-block-heading\">Auf dem Bildungsserver finden Sie  auch:<\/h4>\n\n\n\n<p><\/p>\n\n\n<a class=\"maxbutton-2 maxbutton maxbutton-link\" target=\"_blank\" title=\"Wegweiser - videogest\u00fctzte Kommunikation\" rel=\"nofollow noopener\" href=\"https:\/\/schuleonline.bildung-rp.de\/fileadmin\/user_upload\/schuleonline.bildung-rp.de\/20200422_Videogestuetzte_Kommunikation.pdf\"><span class='mb-text'>Wegweiser - videogest\u00fctzte Kommunikation (Webkonferenzen)<\/span><\/a>\n\n\n\n<hr class=\"wp-block-separator has-css-opacity\"\/>\n\n\n<a class=\"maxbutton-2 maxbutton maxbutton-link\" target=\"_blank\" title=\"Unsere Schule - Welche (digitalen) Werkzeuge verwenden wir?\" rel=\"nofollow noopener\" href=\"https:\/\/schuleonline.bildung-rp.de\/unterstuetzung-fuer-schulleitung-und-lehrkraefte\/organisationshilfen\/schulleitungen.html\"><span class='mb-text'>Unsere Schule - Welche (digitalen) Werkzeuge verwenden wir?<\/span><\/a>\n\n\n\n<hr class=\"wp-block-separator has-css-opacity\"\/>\n\n\n<a class=\"maxbutton-2 maxbutton maxbutton-link\" target=\"_blank\" title=\"Meine Klasse - Wie koordiniere ich Fernunterricht?\" rel=\"nofollow noopener\" href=\"https:\/\/schuleonline.bildung-rp.de\/unterstuetzung-fuer-schulleitung-und-lehrkraefte\/organisationshilfen\/lehrkraefte.html\"><span class='mb-text'>Meine Klasse - Wie koordiniere ich Fernunterricht?<\/span><\/a>\n","protected":false},"excerpt":{"rendered":"<p>Nun ist sie da, die Landesl\u00f6sung f\u00fcr Video-Unterricht und Konferenzen.Endlich gibt es eine L\u00f6sung, bei der man sich als Lehrer nicht fragen muss, ob das mit dem Datenschutz in RLP vereinbar ist oder nicht. Nat\u00fcrlich sind einige Dinge und Regeln zu beachten. Auf dieser Seite versuchen wir, alle wichtigen Infos\u2026<\/p>\n<p> <a class=\"continue-reading-link\" href=\"https:\/\/www.mz-wittlich.de\/?page_id=1355\"><span>Weiterlesen..<\/span><i class=\"crycon-right-dir\"><\/i><\/a> <\/p>\n","protected":false},"author":1,"featured_media":0,"parent":0,"menu_order":0,"comment_status":"closed","ping_status":"closed","template":"","meta":{"footnotes":""},"class_list":["post-1355","page","type-page","status-publish","hentry"],"_links":{"self":[{"href":"https:\/\/www.mz-wittlich.de\/index.php?rest_route=\/wp\/v2\/pages\/1355","targetHints":{"allow":["GET"]}}],"collection":[{"href":"https:\/\/www.mz-wittlich.de\/index.php?rest_route=\/wp\/v2\/pages"}],"about":[{"href":"https:\/\/www.mz-wittlich.de\/index.php?rest_route=\/wp\/v2\/types\/page"}],"author":[{"embeddable":true,"href":"https:\/\/www.mz-wittlich.de\/index.php?rest_route=\/wp\/v2\/users\/1"}],"replies":[{"embeddable":true,"href":"https:\/\/www.mz-wittlich.de\/index.php?rest_route=%2Fwp%2Fv2%2Fcomments&post=1355"}],"version-history":[{"count":15,"href":"https:\/\/www.mz-wittlich.de\/index.php?rest_route=\/wp\/v2\/pages\/1355\/revisions"}],"predecessor-version":[{"id":2221,"href":"https:\/\/www.mz-wittlich.de\/index.php?rest_route=\/wp\/v2\/pages\/1355\/revisions\/2221"}],"wp:attachment":[{"href":"https:\/\/www.mz-wittlich.de\/index.php?rest_route=%2Fwp%2Fv2%2Fmedia&parent=1355"}],"curies":[{"name":"wp","href":"https:\/\/api.w.org\/{rel}","templated":true}]}}