{"id":148,"date":"2016-10-04T13:18:09","date_gmt":"2016-10-04T13:18:09","guid":{"rendered":"http:\/\/fsr.holgerschwab.de\/?page_id=148"},"modified":"2016-11-17T08:14:36","modified_gmt":"2016-11-17T08:14:36","slug":"schueler","status":"publish","type":"page","link":"https:\/\/www.mz-wittlich.de\/?page_id=148","title":{"rendered":"Medien-Verleih"},"content":{"rendered":"<div id=\"metaslider-id-478\" style=\"width: 100%; margin: 0 auto;\" class=\"ml-slider-3-105-0 metaslider metaslider-flex metaslider-478 ml-slider has-dots-nav ms-theme-default\" role=\"region\" aria-label=\"Neuer Slider\" data-height=\"400\" data-width=\"1200\">\n    <div id=\"metaslider_container_478\">\n        <div id=\"metaslider_478\">\n            <ul class='slides'>\n                <li style=\"display: block; width: 100%;\" class=\"slide-674 ms-image \" aria-roledescription=\"slide\" data-date=\"2016-10-04 12:47:32\" data-filename=\"Bild-11-MediBox-Small-723x240.jpg\" data-slide-type=\"image\"><img loading=\"lazy\" decoding=\"async\" src=\"https:\/\/www.mz-wittlich.de\/wp-content\/uploads\/2016\/10\/Bild-11-MediBox-Small-723x240.jpg\" height=\"400\" width=\"1200\" alt=\"\" class=\"slider-478 slide-674 msDefaultImage\" \/><\/li>\n                <li style=\"display: none; width: 100%;\" class=\"slide-717 ms-image \" aria-roledescription=\"slide\" data-date=\"2016-10-04 15:08:30\" data-filename=\"Smart-Notebook16-01-Small-706x235.jpg\" data-slide-type=\"image\"><img loading=\"lazy\" decoding=\"async\" src=\"https:\/\/www.mz-wittlich.de\/wp-content\/uploads\/2014\/10\/Smart-Notebook16-01-Small-706x235.jpg\" height=\"400\" width=\"1200\" alt=\"\" class=\"slider-478 slide-717 msDefaultImage\" \/><\/li>\n                <li style=\"display: none; width: 100%;\" class=\"slide-625 ms-image \" aria-roledescription=\"slide\" data-date=\"2015-02-04 18:10:32\" data-filename=\"Switch-01-1200x400.jpg\" data-slide-type=\"image\"><img loading=\"lazy\" decoding=\"async\" src=\"https:\/\/www.mz-wittlich.de\/wp-content\/uploads\/2015\/02\/Switch-01-1200x400.jpg\" height=\"400\" width=\"1200\" alt=\"\" class=\"slider-478 slide-625 msDefaultImage\" \/><\/li>\n            <\/ul>\n        <\/div>\n        \n    <\/div>\n<\/div>\n<p>Das Medienzntrum Wittlich verf\u00fcgt derzeit \u00fcber ca. 3800 Medien, die ausgeliehen werden k\u00f6nnen.<br \/>\nBei den Medien handelt es sich in erster Linie um Video-DVDs und didaktische DVDs, die zus\u00e4tzlich aufbereitete Arbeitsmaterialien enthalten.<\/p>\n<p>Die Medien k\u00f6nnen w\u00e4hrend unserer \u00d6ffnungszeiten im Medienzentrum oder einafch online bestellt werden. Mit Hilfe des Onlinekatalogs &#8220;inMIS&#8221; k\u00f6nnen Sie recherchieren, welche Medien im Bestand sind, ob diese f\u00fcr Ihren gew\u00fcschten Zeitraum zur Verf\u00fcgung stehen und nat\u00fcrlich k\u00f6nnen Sie die Medien buchen bzw. bestellen.<br \/>\nWir bearbeiten dann Ihre Bestellung und hinterlegen sie zur Abholung im Medienzentrum oder, nach Absprache, in der Stadtb\u00fccherei. Besteht keine M\u00f6glichkeit, die Medien vor Ort abzuholen, so versenden wir die Medien an Ihre Schule. Die R\u00fccksendung muss in diesem Fall von der Schule oder von Ihnen organisiert werden.<br \/>\nFalls Sie im inMIS-Katalog kein geeignetes Medium finden, k\u00f6nnen Sie sich gerne pers\u00f6nlich bei uns im Medienzentrum oder telefonisch beraten lassen. Wir helfen Ihnen bei der Suche oder informieren Sie \u00fcber die vorhandenen Medien zu Ihrem gew\u00fcnschten Thema.<\/p>\n<p>Sollten Sie noch nicht bei inMIS registriert sein, so k\u00f6nnen Sie dies unter folgendem Link online nachholen.\u00a0\u00a0 <a href=\"https:\/\/inmis.bildung-rp.de\" class=\"su-button su-button-style-default\" style=\"color:#ffffff;background-color:#215652;border-color:#1b4542;border-radius:5px\" target=\"_blank\" rel=\"noopener noreferrer\"><span style=\"color:#ffffff;padding:6px 16px;font-size:13px;line-height:20px;border-color:#648986;border-radius:5px;text-shadow:none\"><i class=\"sui sui-arrow-right\" style=\"font-size:13px;color:#FFFFFF\"><\/i>  Link zu inMIS<\/span><\/a>\n<p>Auf der inMIS-Startseite finden Sie rechts unten den Button &#8220;registrieren&#8221;, den Sie anklicken. Jetzt geben Sie alle erforderlichen Daten ein (Hinweise beachten!), stimmen den Verleihbedingungen zu und schicken die Registrierung ab. Sie werden dann innerhalb k\u00fcrzester Zeit von uns freigeschaltet und k\u00f6nnen danach sofort im inMIS-Medienkatalog Ihre Medien suchen und bestellen.<\/p>\n<p>Bei Problemen mit der Registrierung besuchen Sie uns einfach im Medienzentrum und lassen sich helfen. Wir f\u00fchren gemeinsam mit Ihnen die Registrierung durch und zeigen Ihnen die Handhabung des inMIS-Systems.<\/p>\n<p>&nbsp;<\/p>\n<p>&nbsp;<\/p>\n","protected":false},"excerpt":{"rendered":"<p>Das Medienzntrum Wittlich verf\u00fcgt derzeit \u00fcber ca. 3800 Medien, die ausgeliehen werden k\u00f6nnen. Bei den Medien handelt es sich in erster Linie um Video-DVDs und didaktische DVDs, die zus\u00e4tzlich aufbereitete Arbeitsmaterialien enthalten. Die Medien k\u00f6nnen w\u00e4hrend unserer \u00d6ffnungszeiten im Medienzentrum oder einafch online bestellt werden. Mit Hilfe des Onlinekatalogs &#8220;inMIS&#8221;\u2026<\/p>\n<p> <a class=\"continue-reading-link\" href=\"https:\/\/www.mz-wittlich.de\/?page_id=148\"><span>Weiterlesen..<\/span><i class=\"crycon-right-dir\"><\/i><\/a> <\/p>\n","protected":false},"author":1,"featured_media":0,"parent":0,"menu_order":0,"comment_status":"closed","ping_status":"closed","template":"","meta":{"footnotes":""},"class_list":["post-148","page","type-page","status-publish","hentry"],"_links":{"self":[{"href":"https:\/\/www.mz-wittlich.de\/index.php?rest_route=\/wp\/v2\/pages\/148","targetHints":{"allow":["GET"]}}],"collection":[{"href":"https:\/\/www.mz-wittlich.de\/index.php?rest_route=\/wp\/v2\/pages"}],"about":[{"href":"https:\/\/www.mz-wittlich.de\/index.php?rest_route=\/wp\/v2\/types\/page"}],"author":[{"embeddable":true,"href":"https:\/\/www.mz-wittlich.de\/index.php?rest_route=\/wp\/v2\/users\/1"}],"replies":[{"embeddable":true,"href":"https:\/\/www.mz-wittlich.de\/index.php?rest_route=%2Fwp%2Fv2%2Fcomments&post=148"}],"version-history":[{"count":27,"href":"https:\/\/www.mz-wittlich.de\/index.php?rest_route=\/wp\/v2\/pages\/148\/revisions"}],"predecessor-version":[{"id":860,"href":"https:\/\/www.mz-wittlich.de\/index.php?rest_route=\/wp\/v2\/pages\/148\/revisions\/860"}],"wp:attachment":[{"href":"https:\/\/www.mz-wittlich.de\/index.php?rest_route=%2Fwp%2Fv2%2Fmedia&parent=148"}],"curies":[{"name":"wp","href":"https:\/\/api.w.org\/{rel}","templated":true}]}}