{"id":1926,"date":"2022-06-30T10:39:27","date_gmt":"2022-06-30T08:39:27","guid":{"rendered":"https:\/\/www.mz-wittlich.de\/?page_id=1926"},"modified":"2022-07-14T14:52:23","modified_gmt":"2022-07-14T12:52:23","slug":"apple-teacher-learning-center","status":"publish","type":"page","link":"https:\/\/www.mz-wittlich.de\/?page_id=1926","title":{"rendered":"Apple Teacher Learning Center"},"content":{"rendered":"\n<p><strong>Apple schreibt \u00fcber das Learning Center:<\/strong><br>&#8220;Das Apple Teacher Programm bietet eine kostenlose M\u00f6glichkeit zur selbstbestimmten Weiterbildung. Es wurde entwickelt, um Lehrkr\u00e4fte beim Einsatz von Apple Technologie im Unterricht zu unterst\u00fctzen und sie daf\u00fcr auszuzeichnen.<\/p>\n\n\n\n<p>Erlernen Sie auf Ihrem Weg zum Apple Teacher zun\u00e4chst die grundlegenden F\u00e4higkeiten f\u00fcr das iPad und den Mac mit mehr als 120 einfachen, gef\u00fchrten Anleitungen. Anschlie\u00dfend bauen Sie auf diesen grundlegenden F\u00e4higkeiten auf, indem Sie Technologie und Kreativit\u00e4t in den Unterricht integrieren und ihn so f\u00fcr Ihre Sch\u00fcler:innen sinnvoller und interessanter gestalten.&#8221;<\/p>\n\n\n\n<p>Link zum Learning Center: <a rel=\"noreferrer noopener\" href=\"https:\/\/appleteacher.apple.com\/#\/home\/resources\" target=\"_blank\">https:\/\/appleteacher.apple.com\/#\/home\/resources<\/a><\/p>\n\n\n\n<hr class=\"wp-block-separator has-alpha-channel-opacity\"\/>\n\n\n\n<h2 class=\"wp-block-heading\">Hilfreiches Material von Apple<\/h2>\n\n\n\n<div class=\"wp-block-columns is-layout-flex wp-container-core-columns-is-layout-9d6595d7 wp-block-columns-is-layout-flex\">\n<div class=\"wp-block-column is-layout-flow wp-block-column-is-layout-flow\">\n<figure class=\"wp-block-image size-full\"><a href=\"https:\/\/education-static.apple.com\/geo\/de\/education\/2020\/tips-for-teachers\/ipad-teacher-activities.pdf\" target=\"_blank\" rel=\"noreferrer noopener\"><img loading=\"lazy\" decoding=\"async\" width=\"455\" height=\"591\" src=\"https:\/\/www.mz-wittlich.de\/wp-content\/uploads\/2022\/06\/30-Tipps-zum-Zeitsparen-fuer-Lehrer.png\" alt=\"\" class=\"wp-image-1929\" srcset=\"https:\/\/www.mz-wittlich.de\/wp-content\/uploads\/2022\/06\/30-Tipps-zum-Zeitsparen-fuer-Lehrer.png 455w, https:\/\/www.mz-wittlich.de\/wp-content\/uploads\/2022\/06\/30-Tipps-zum-Zeitsparen-fuer-Lehrer-231x300.png 231w, https:\/\/www.mz-wittlich.de\/wp-content\/uploads\/2022\/06\/30-Tipps-zum-Zeitsparen-fuer-Lehrer-115x150.png 115w\" sizes=\"auto, (max-width: 455px) 100vw, 455px\" \/><\/a><\/figure>\n<\/div>\n\n\n\n<div class=\"wp-block-column is-layout-flow wp-block-column-is-layout-flow\">\n<figure class=\"wp-block-image size-full\"><a href=\"https:\/\/education-static.apple.com\/geo\/de\/education\/2020\/creativity-for-kids\/activities.pdf\" target=\"_blank\" rel=\"noreferrer noopener\"><img loading=\"lazy\" decoding=\"async\" width=\"610\" height=\"793\" src=\"https:\/\/www.mz-wittlich.de\/wp-content\/uploads\/2022\/06\/30-kreative-Aktivitaeten-fuer-Kinder.png\" alt=\"\" class=\"wp-image-1930\" srcset=\"https:\/\/www.mz-wittlich.de\/wp-content\/uploads\/2022\/06\/30-kreative-Aktivitaeten-fuer-Kinder.png 610w, https:\/\/www.mz-wittlich.de\/wp-content\/uploads\/2022\/06\/30-kreative-Aktivitaeten-fuer-Kinder-231x300.png 231w, https:\/\/www.mz-wittlich.de\/wp-content\/uploads\/2022\/06\/30-kreative-Aktivitaeten-fuer-Kinder-115x150.png 115w\" sizes=\"auto, (max-width: 610px) 100vw, 610px\" \/><\/a><\/figure>\n<\/div>\n\n\n\n<div class=\"wp-block-column is-layout-flow wp-block-column-is-layout-flow\">\n<figure class=\"wp-block-image size-full\"><a href=\"https:\/\/education-static.apple.com\/geo\/de\/education\/2020\/creativity-for-kids\/more-activities.pdf\" target=\"_blank\" rel=\"noreferrer noopener\"><img loading=\"lazy\" decoding=\"async\" width=\"569\" height=\"737\" src=\"https:\/\/www.mz-wittlich.de\/wp-content\/uploads\/2022\/06\/Weitere30-kreative-Aktivitaeten-fuer-Kinder.png\" alt=\"\" class=\"wp-image-1931\" srcset=\"https:\/\/www.mz-wittlich.de\/wp-content\/uploads\/2022\/06\/Weitere30-kreative-Aktivitaeten-fuer-Kinder.png 569w, https:\/\/www.mz-wittlich.de\/wp-content\/uploads\/2022\/06\/Weitere30-kreative-Aktivitaeten-fuer-Kinder-232x300.png 232w, https:\/\/www.mz-wittlich.de\/wp-content\/uploads\/2022\/06\/Weitere30-kreative-Aktivitaeten-fuer-Kinder-116x150.png 116w\" sizes=\"auto, (max-width: 569px) 100vw, 569px\" \/><\/a><\/figure>\n<\/div>\n<\/div>\n","protected":false},"excerpt":{"rendered":"<p>Apple schreibt \u00fcber das Learning Center:&#8220;Das Apple Teacher Programm bietet eine kostenlose M\u00f6glichkeit zur selbstbestimmten Weiterbildung. Es wurde entwickelt, um Lehrkr\u00e4fte beim Einsatz von Apple Technologie im Unterricht zu unterst\u00fctzen und sie daf\u00fcr auszuzeichnen. Erlernen Sie auf Ihrem Weg zum Apple Teacher zun\u00e4chst die grundlegenden F\u00e4higkeiten f\u00fcr das iPad und\u2026<\/p>\n<p> <a class=\"continue-reading-link\" href=\"https:\/\/www.mz-wittlich.de\/?page_id=1926\"><span>Weiterlesen..<\/span><i class=\"crycon-right-dir\"><\/i><\/a> <\/p>\n","protected":false},"author":1,"featured_media":0,"parent":884,"menu_order":0,"comment_status":"closed","ping_status":"closed","template":"","meta":{"footnotes":""},"class_list":["post-1926","page","type-page","status-publish","hentry"],"_links":{"self":[{"href":"https:\/\/www.mz-wittlich.de\/index.php?rest_route=\/wp\/v2\/pages\/1926","targetHints":{"allow":["GET"]}}],"collection":[{"href":"https:\/\/www.mz-wittlich.de\/index.php?rest_route=\/wp\/v2\/pages"}],"about":[{"href":"https:\/\/www.mz-wittlich.de\/index.php?rest_route=\/wp\/v2\/types\/page"}],"author":[{"embeddable":true,"href":"https:\/\/www.mz-wittlich.de\/index.php?rest_route=\/wp\/v2\/users\/1"}],"replies":[{"embeddable":true,"href":"https:\/\/www.mz-wittlich.de\/index.php?rest_route=%2Fwp%2Fv2%2Fcomments&post=1926"}],"version-history":[{"count":4,"href":"https:\/\/www.mz-wittlich.de\/index.php?rest_route=\/wp\/v2\/pages\/1926\/revisions"}],"predecessor-version":[{"id":1945,"href":"https:\/\/www.mz-wittlich.de\/index.php?rest_route=\/wp\/v2\/pages\/1926\/revisions\/1945"}],"up":[{"embeddable":true,"href":"https:\/\/www.mz-wittlich.de\/index.php?rest_route=\/wp\/v2\/pages\/884"}],"wp:attachment":[{"href":"https:\/\/www.mz-wittlich.de\/index.php?rest_route=%2Fwp%2Fv2%2Fmedia&parent=1926"}],"curies":[{"name":"wp","href":"https:\/\/api.w.org\/{rel}","templated":true}]}}