{"id":2064,"date":"2023-03-04T12:50:46","date_gmt":"2023-03-04T11:50:46","guid":{"rendered":"https:\/\/www.mz-wittlich.de\/?page_id=2064"},"modified":"2025-09-25T12:08:53","modified_gmt":"2025-09-25T10:08:53","slug":"taskcards-zu-verschiedenen-themen","status":"publish","type":"page","link":"https:\/\/www.mz-wittlich.de\/?page_id=2064","title":{"rendered":"TaskCards zu verschiedenen Themen"},"content":{"rendered":"\n<p>Hier finden Sie Links zu verschieden, thematischen TaskCards mit vielen weiteren n\u00fctzlichen und geb\u00fcndelten Infos. Einfach auf den Begriff klicken.<\/p>\n\n\n\n<p><\/p>\n\n\n\n<h2 class=\"wp-block-heading\"><a href=\"https:\/\/www.taskcards.de\/#\/board\/43a7dfee-b1e5-491d-b691-1769688f503b?token=2f548cd2-d31c-431e-9de8-b51b8fc68a9a\" target=\"_blank\" rel=\"noreferrer noopener\">Das iPad f\u00fcr Lehrkr\u00e4fte iOS18 &#8211; 2024<\/a><\/h2>\n\n\n\n<h2 class=\"wp-block-heading\"><a href=\"https:\/\/www.taskcards.de\/#\/board\/185e1394-b025-43dc-b797-f717088a870c?token=3e7f17c7-db96-44b1-9821-e5bd77e743eb\" target=\"_blank\" rel=\"noreferrer noopener\">H\u00f6rspiel mit Garageband<\/a><\/h2>\n\n\n\n<h2 class=\"wp-block-heading\"><a href=\"https:\/\/www.taskcards.de\/#\/board\/c98d3e47-eb1d-4b1f-8a4e-be69ec30401d?token=30b74e1b-f42f-494a-8623-b34a446f71ec\" target=\"_blank\" rel=\"noreferrer noopener\">Kahoot!<\/a><\/h2>\n\n\n\n<h2 class=\"wp-block-heading\"><a href=\"https:\/\/www.taskcards.de\/#\/board\/73c8fd7c-1fdd-4f68-9b46-df287f6fdd71?token=31fdff50-528a-4b32-95f3-d31deeff20aa\" target=\"_blank\" rel=\"noreferrer noopener\">GoodNotes<\/a><\/h2>\n\n\n\n<h2 class=\"wp-block-heading\"><a href=\"https:\/\/www.taskcards.de\/#\/board\/bf18d548-a37b-40f6-97bb-beb906e5f87a?token=1f1e0934-b5e1-4cd9-a487-97d89851e8f6\" target=\"_blank\" rel=\"noreferrer noopener\">Smart Display &#8211; Notebook und &#8211; Smart Lumio<\/a><\/h2>\n\n\n\n<h2 class=\"wp-block-heading\"><a href=\"https:\/\/www.taskcards.de\/#\/board\/4e55b960-8596-4f0c-a638-5d093218cece?token=e264cbdc-cc0e-4bb0-bf67-731ec8f582f8\" target=\"_blank\" rel=\"noreferrer noopener\">Promethean Display &#8211; ActivInspire<\/a><\/h2>\n","protected":false},"excerpt":{"rendered":"<p>Hier finden Sie Links zu verschieden, thematischen TaskCards mit vielen weiteren n\u00fctzlichen und geb\u00fcndelten Infos. Einfach auf den Begriff klicken. Das iPad f\u00fcr Lehrkr\u00e4fte iOS18 &#8211; 2024 H\u00f6rspiel mit Garageband Kahoot! GoodNotes Smart Display &#8211; Notebook und &#8211; Smart Lumio Promethean Display &#8211; ActivInspire<\/p>\n<p> <a class=\"continue-reading-link\" href=\"https:\/\/www.mz-wittlich.de\/?page_id=2064\"><span>Weiterlesen..<\/span><i class=\"crycon-right-dir\"><\/i><\/a> <\/p>\n","protected":false},"author":1,"featured_media":0,"parent":29,"menu_order":0,"comment_status":"closed","ping_status":"closed","template":"","meta":{"footnotes":""},"class_list":["post-2064","page","type-page","status-publish","hentry"],"_links":{"self":[{"href":"https:\/\/www.mz-wittlich.de\/index.php?rest_route=\/wp\/v2\/pages\/2064","targetHints":{"allow":["GET"]}}],"collection":[{"href":"https:\/\/www.mz-wittlich.de\/index.php?rest_route=\/wp\/v2\/pages"}],"about":[{"href":"https:\/\/www.mz-wittlich.de\/index.php?rest_route=\/wp\/v2\/types\/page"}],"author":[{"embeddable":true,"href":"https:\/\/www.mz-wittlich.de\/index.php?rest_route=\/wp\/v2\/users\/1"}],"replies":[{"embeddable":true,"href":"https:\/\/www.mz-wittlich.de\/index.php?rest_route=%2Fwp%2Fv2%2Fcomments&post=2064"}],"version-history":[{"count":6,"href":"https:\/\/www.mz-wittlich.de\/index.php?rest_route=\/wp\/v2\/pages\/2064\/revisions"}],"predecessor-version":[{"id":2304,"href":"https:\/\/www.mz-wittlich.de\/index.php?rest_route=\/wp\/v2\/pages\/2064\/revisions\/2304"}],"up":[{"embeddable":true,"href":"https:\/\/www.mz-wittlich.de\/index.php?rest_route=\/wp\/v2\/pages\/29"}],"wp:attachment":[{"href":"https:\/\/www.mz-wittlich.de\/index.php?rest_route=%2Fwp%2Fv2%2Fmedia&parent=2064"}],"curies":[{"name":"wp","href":"https:\/\/api.w.org\/{rel}","templated":true}]}}