{"id":459,"date":"2014-10-21T00:47:23","date_gmt":"2014-10-21T00:47:23","guid":{"rendered":"http:\/\/fsr.holgerschwab.de\/?page_id=459"},"modified":"2025-10-08T13:00:03","modified_gmt":"2025-10-08T11:00:03","slug":"eltern","status":"publish","type":"page","link":"https:\/\/www.mz-wittlich.de\/?page_id=459","title":{"rendered":"Tipps &#038; Tools"},"content":{"rendered":"\n<p>Auf dieser Seite finden Sie zahlreiche Links zu Internetseiten, die ihnen interessante und kostenlose Lerninhalte bieten.<\/p>\n\n\n\n<p>Sollten Sie noch weitere Anregungen mit guten Lernangeboten haben, lassen Sie es uns und alle Anderen wissen. Schreiben Sie uns eine kurze Mail mit den entsprechenden Links<\/p>\n\n\n\n<p><a href=\"mailto:mail@medienzentrum-wittlich.de\">mail@medienzentrum-wittlich.de<\/a> <\/p>\n\n\n\n<hr class=\"wp-block-separator has-css-opacity is-style-wide\"\/>\n\n\n\n<h3 class=\"wp-block-heading\">Angebote des Landes Rheinland-Pfalz<\/h3>\n\n\n\n<p><\/p>\n\n\n<a class=\"maxbutton-2 maxbutton maxbutton-link\" target=\"_blank\" title=\"Webex - Die Videokonferenz-Plattform des Landes\" rel=\"nofollow noopener\" href=\"https:\/\/www.mz-wittlich.de\/?page_id=1355\"><span class='mb-text'>BigBlueButton - Die Videokonferenz-Plattform des Landes<\/span><\/a>\n\n\n\n<p><\/p>\n\n\n<a class=\"maxbutton-2 maxbutton maxbutton-link\" target=\"_blank\" title=\"tooltip\" rel=\"nofollow noopener\" href=\"https:\/\/bildung.rlp.de\/bildungsnetz\/groupware-und-cloud\/schulbox\"><span class='mb-text'>Die Schulbox - Materialaustausch - Verteilen - Speichern etc. mit Tutorial und Video<\/span><\/a>\n\n\n\n<p><\/p>\n\n\n<a class=\"maxbutton-2 maxbutton maxbutton-link\" target=\"_blank\" title=\"tooltip\" rel=\"nofollow noopener\" href=\"https:\/\/schulbox.bildung-rp.de\/login\"><span class='mb-text'>Die Schulbox - Login<\/span><\/a>\n\n\n\n<p><\/p>\n\n\n<a class=\"maxbutton-2 maxbutton maxbutton-link\" target=\"_blank\" title=\"tooltip\" rel=\"nofollow noopener\" href=\"https:\/\/lernenonline.bildung-rp.de\/\"><span class='mb-text'>Lernplattform des Landes Rheinland-Pfalz<\/span><\/a>\n\n\n\n<p><\/p>\n\n\n\n<p><\/p>\n\n\n\n<h3 class=\"wp-block-heading\">Lern-, \u00dcbungs- und Austauschplattformen<\/h3>\n\n\n<a class=\"maxbutton-2 maxbutton maxbutton-link\" target=\"_blank\" title=\"tooltip\" rel=\"nofollow noopener\" href=\"https:\/\/www.mz-wittlich.de\/?page_id=1257\"><span class='mb-text'>Anton App - Kostenlose Lern\u00fcbungen aus verschiedenen F\u00e4chern im Klassenformat - f\u00fcr alle g\u00e4ngigen Endger\u00e4te.<\/span><\/a>\n\n\n\n<p><\/p>\n\n\n<a class=\"maxbutton-2 maxbutton maxbutton-link\" target=\"_blank\" title=\"tooltip\" rel=\"nofollow noopener\" href=\"https:\/\/learningapps.org\/\"><span class='mb-text'>Learning Apps - Lernapp f\u00fcr alle Fachbereiche (PC &amp; Tablet)<\/span><\/a>\n\n\n\n<p><\/p>\n\n\n<a class=\"maxbutton-2 maxbutton maxbutton-link\" target=\"_blank\" title=\"tooltip\" rel=\"nofollow noopener\" href=\"https:\/\/www.learningsnacks.de\/#\/welcome?channel=Learning Snacks\"><span class='mb-text'>Learning Snacks -  Lernapp f\u00fcr alle Fachbereiche (PC &amp; Tablet)<\/span><\/a>\n\n\n\n<p><\/p>\n\n\n<a class=\"maxbutton-2 maxbutton maxbutton-link\" target=\"_blank\" title=\"tooltip\" rel=\"nofollow noopener\" href=\"https:\/\/quizlet.com\/de\"><span class='mb-text'>Quizlet - Eigene Lernquize erstellen oder bereits fertige nutzen.<\/span><\/a>\n\n\n\n<p><\/p>\n\n\n\n<h3 class=\"wp-block-heading\">Mediatheken<\/h3>\n\n\n\n<p><\/p>\n\n\n<a class=\"maxbutton-2 maxbutton maxbutton-link\" target=\"_blank\" title=\"tooltip\" rel=\"nofollow noopener\" href=\"https:\/\/www.planet-schule.de\/\"><span class='mb-text'>Planet Schule - hervorragende Lernplattform des SWR - Filme, Animationen, Unterrichtsmaterial<\/span><\/a>\n\n\n\n<p><\/p>\n\n\n<a class=\"maxbutton-2 maxbutton maxbutton-link\" target=\"_blank\" title=\"tooltip\" rel=\"nofollow noopener\" href=\"https:\/\/www.zdf.de\/wissen\/schulersatzprogramm-100.html\"><span class='mb-text'>ZDF - Virtuelles Klassenzimmer<\/span><\/a>\n\n\n\n<p><\/p>\n\n\n<a class=\"maxbutton-2 maxbutton maxbutton-link\" target=\"_blank\" title=\"tooltip\" rel=\"nofollow noopener\" href=\"https:\/\/www.br.de\/mediathek\/rubriken\/themenseite-schule-daheim-100\"><span class='mb-text'>BR Mediathek - Schule daheim - online lernen<\/span><\/a>\n\n\n\n<p><\/p>\n\n\n\n<h3 class=\"wp-block-heading\">Verlage<\/h3>\n\n\n<a class=\"maxbutton-2 maxbutton maxbutton-link\" target=\"_blank\" rel=\"nofollow noopener\" href=\"https:\/\/www.mildenberger-verlag.de\/page.php?modul=GoShopping&#038;op=show_rubrik&#038;cid=1345\"><span class='mb-text'>Mildenberger - kostenlose Download Unterrichtsmaterialien &amp; Online Lernspiele<\/span><\/a>\n","protected":false},"excerpt":{"rendered":"<p>Auf dieser Seite finden Sie zahlreiche Links zu Internetseiten, die ihnen interessante und kostenlose Lerninhalte bieten. Sollten Sie noch weitere Anregungen mit guten Lernangeboten haben, lassen Sie es uns und alle Anderen wissen. Schreiben Sie uns eine kurze Mail mit den entsprechenden Links mail@medienzentrum-wittlich.de Angebote des Landes Rheinland-Pfalz Lern-, \u00dcbungs-\u2026<\/p>\n<p> <a class=\"continue-reading-link\" href=\"https:\/\/www.mz-wittlich.de\/?page_id=459\"><span>Weiterlesen..<\/span><i class=\"crycon-right-dir\"><\/i><\/a> <\/p>\n","protected":false},"author":1,"featured_media":0,"parent":0,"menu_order":0,"comment_status":"closed","ping_status":"closed","template":"templates\/template-onecolumn.php","meta":{"footnotes":""},"class_list":["post-459","page","type-page","status-publish","hentry"],"_links":{"self":[{"href":"https:\/\/www.mz-wittlich.de\/index.php?rest_route=\/wp\/v2\/pages\/459","targetHints":{"allow":["GET"]}}],"collection":[{"href":"https:\/\/www.mz-wittlich.de\/index.php?rest_route=\/wp\/v2\/pages"}],"about":[{"href":"https:\/\/www.mz-wittlich.de\/index.php?rest_route=\/wp\/v2\/types\/page"}],"author":[{"embeddable":true,"href":"https:\/\/www.mz-wittlich.de\/index.php?rest_route=\/wp\/v2\/users\/1"}],"replies":[{"embeddable":true,"href":"https:\/\/www.mz-wittlich.de\/index.php?rest_route=%2Fwp%2Fv2%2Fcomments&post=459"}],"version-history":[{"count":28,"href":"https:\/\/www.mz-wittlich.de\/index.php?rest_route=\/wp\/v2\/pages\/459\/revisions"}],"predecessor-version":[{"id":2317,"href":"https:\/\/www.mz-wittlich.de\/index.php?rest_route=\/wp\/v2\/pages\/459\/revisions\/2317"}],"wp:attachment":[{"href":"https:\/\/www.mz-wittlich.de\/index.php?rest_route=%2Fwp%2Fv2%2Fmedia&parent=459"}],"curies":[{"name":"wp","href":"https:\/\/api.w.org\/{rel}","templated":true}]}}