{"id":614,"date":"2014-10-21T19:06:27","date_gmt":"2014-10-21T19:06:27","guid":{"rendered":"http:\/\/www.friedrich-spee-realschule-plus.de\/?page_id=614"},"modified":"2022-02-02T09:50:47","modified_gmt":"2022-02-02T09:50:47","slug":"schuelervertretung-sv","status":"publish","type":"page","link":"https:\/\/www.mz-wittlich.de\/?page_id=614","title":{"rendered":"Verleihmodalit\u00e4ten"},"content":{"rendered":"<p>Das Medienzentrum Bernkastel-Wittlich ist eine \u00f6ffentliche, nicht kommerzielle Einrichtung in Tr\u00e4gerschaft des Landkreises Bernkastel-Wittlich. Der Zust\u00e4ndigkeitsbereich umfasst alle Schulen im Landkreis Bernkastel-Wittlich und die Verwaltungseinrichtungen in diesem Bereich.<\/p>\n<p>Die Unterst\u00fctzung umfasst den Verleih von Audio-Visuellen- (AV) und didaktischen Medien, den Verleih hochwertiger Ger\u00e4te zur Pr\u00e4sentation und aktiven Medienarbeit sowie entsprechende Angebote innerhalb der Lehrerfort- und weiterbildung.<\/p>\n<p>Der <a href=\"https:\/\/www.mz-wittlich.de\/?page_id=148\" target=\"_blank\" rel=\"noopener\">Medien<\/a>&#8211; und <a href=\"https:\/\/www.mz-wittlich.de\/?page_id=737\" target=\"_blank\" rel=\"noopener\">Ger\u00e4teverleih<\/a> erfolgt kostenlos. Er setzt den Gebrauch in den genannten Einrichtungen voraus und ist an die vereinbarte Verleihzeit gebunden.\u00a0 Diese ist wegen m\u00f6glicher Nachentleiher unbedingt einzuhalten. Eine Verl\u00e4ngerung der Verleihzeit kann nur durch R\u00fcckfrage in der Verleiheinrichtung erfolgen.<\/p>\n<p>Um Ausf\u00e4lle und Reparaturkosten zu minimieren, verpflichten sich die Entleiher zur sachgerechten Bedienung und zum schonenden Einsatz der Ger\u00e4te. Sch\u00e4den sind dem Medienzentrum Bernkastel-Wittlich direkt zu melden, sp\u00e4testens jedoch bei der R\u00fcckgabe. F\u00fcr entstandene Sch\u00e4den haftet der Verursacher.<\/p>\n<p>AV-Medien und Ger\u00e4te k\u00f6nnen im voraus terminiert werden. Dies sollte im pers\u00f6nlichen oder telefonischen direkten Kontakt erfolgen, damit alle verleihrelevanten Bedingungen direkt gekl\u00e4rt werden k\u00f6nnen. Entleiher, die erstmals im Medienzentrum Bernkastel Wittlich entleihen, sollten sich ausweisen k\u00f6nnen und eine Best\u00e4tigung der entsprechenden Einrichtung vorlegen k\u00f6nnen.<\/p>\n","protected":false},"excerpt":{"rendered":"<p>Das Medienzentrum Bernkastel-Wittlich ist eine \u00f6ffentliche, nicht kommerzielle Einrichtung in Tr\u00e4gerschaft des Landkreises Bernkastel-Wittlich. Der Zust\u00e4ndigkeitsbereich umfasst alle Schulen im Landkreis Bernkastel-Wittlich und die Verwaltungseinrichtungen in diesem Bereich. Die Unterst\u00fctzung umfasst den Verleih von Audio-Visuellen- (AV) und didaktischen Medien, den Verleih hochwertiger Ger\u00e4te zur Pr\u00e4sentation und aktiven Medienarbeit sowie entsprechende\u2026<\/p>\n<p> <a class=\"continue-reading-link\" href=\"https:\/\/www.mz-wittlich.de\/?page_id=614\"><span>Weiterlesen..<\/span><i class=\"crycon-right-dir\"><\/i><\/a> <\/p>\n","protected":false},"author":1,"featured_media":0,"parent":148,"menu_order":0,"comment_status":"closed","ping_status":"closed","template":"templates\/template-twocolumns-right.php","meta":{"footnotes":""},"class_list":["post-614","page","type-page","status-publish","hentry"],"_links":{"self":[{"href":"https:\/\/www.mz-wittlich.de\/index.php?rest_route=\/wp\/v2\/pages\/614","targetHints":{"allow":["GET"]}}],"collection":[{"href":"https:\/\/www.mz-wittlich.de\/index.php?rest_route=\/wp\/v2\/pages"}],"about":[{"href":"https:\/\/www.mz-wittlich.de\/index.php?rest_route=\/wp\/v2\/types\/page"}],"author":[{"embeddable":true,"href":"https:\/\/www.mz-wittlich.de\/index.php?rest_route=\/wp\/v2\/users\/1"}],"replies":[{"embeddable":true,"href":"https:\/\/www.mz-wittlich.de\/index.php?rest_route=%2Fwp%2Fv2%2Fcomments&post=614"}],"version-history":[{"count":6,"href":"https:\/\/www.mz-wittlich.de\/index.php?rest_route=\/wp\/v2\/pages\/614\/revisions"}],"predecessor-version":[{"id":1697,"href":"https:\/\/www.mz-wittlich.de\/index.php?rest_route=\/wp\/v2\/pages\/614\/revisions\/1697"}],"up":[{"embeddable":true,"href":"https:\/\/www.mz-wittlich.de\/index.php?rest_route=\/wp\/v2\/pages\/148"}],"wp:attachment":[{"href":"https:\/\/www.mz-wittlich.de\/index.php?rest_route=%2Fwp%2Fv2%2Fmedia&parent=614"}],"curies":[{"name":"wp","href":"https:\/\/api.w.org\/{rel}","templated":true}]}}