{"id":730,"date":"2016-10-04T16:17:29","date_gmt":"2016-10-04T16:17:29","guid":{"rendered":"http:\/\/hs.mz-wittlich.de\/?page_id=730"},"modified":"2025-10-08T12:57:46","modified_gmt":"2025-10-08T10:57:46","slug":"planet-schule","status":"publish","type":"page","link":"https:\/\/www.mz-wittlich.de\/?page_id=730","title":{"rendered":"planet schule"},"content":{"rendered":"\n<h2 class=\"wp-block-heading\"><strong>Unterrichten mit der Internetplattform<\/strong><\/h2>\n\n\n\n<figure class=\"wp-block-image\"><img loading=\"lazy\" decoding=\"async\" width=\"555\" height=\"150\" src=\"http:\/\/hs.mz-wittlich.de\/wp-content\/uploads\/2016\/10\/planet-schule-01.jpg\" alt=\"planet-schule-01\" class=\"wp-image-731\" srcset=\"https:\/\/www.mz-wittlich.de\/wp-content\/uploads\/2016\/10\/planet-schule-01.jpg 555w, https:\/\/www.mz-wittlich.de\/wp-content\/uploads\/2016\/10\/planet-schule-01-300x81.jpg 300w, https:\/\/www.mz-wittlich.de\/wp-content\/uploads\/2016\/10\/planet-schule-01-250x68.jpg 250w, https:\/\/www.mz-wittlich.de\/wp-content\/uploads\/2016\/10\/planet-schule-01-150x41.jpg 150w\" sizes=\"auto, (max-width: 555px) 100vw, 555px\" \/><\/figure>\n\n\n\n<p>Auf der Internetplattform von Planet Schule findet man neben vielen unterrichtsrelevanten Themen auch sehr aktuelles Material zum Thema Deutsch als Fremdsprache.<br>Planet Schule greift hierf\u00fcr vor allem die aktuellen Themenkomplexe Flucht, Migration und Integration auf. Zu diesen Themen, die auch Kinder betreffen und besch\u00e4ftigen, bietet Planet Schule f\u00fcr den Unterricht einen gro\u00dfen Online-Schwerpunkt mit zahlreichen Filmen, Interaktivit\u00e4ten, Lernspielen und Hintergrundinformationen&nbsp; &#8211;&nbsp; kosten- und werbefrei, jederzeit und \u00fcberall abrufbar.<\/p>\n\n\n\n<p><strong>Hier einige Beispiele:<\/strong><\/p>\n\n\n\n<p><strong>Deutsch als Zweitsprache<\/strong><br>Ein besonderes Highlight ist das interaktive Lernspiel&nbsp; \u201eDeutsch lernen mit Mumbro und Zinell\u201c. Planet Schule bietet es online und auf DVD-ROM an.<br>Deutsch verstehen, sprechen und schreiben &#8211; mit Hilfe der freundlichen H\u00f6hlenwesen Mumbro und Zinell wird das Lernen zum gro\u00dfen Spa\u00df. Der Schwierigkeitsgrad der \u00dcbungen passt sich automatisch dem Kenntnisstand der Sch\u00fcler an und dank Spracherkennung kann auch das Sprechen trainiert werden. Die originelle Machart des Spiels und die vielf\u00e4ltigen Herausforderungen motivieren die Kinder.<\/p>\n\n\n\n<p><a rel=\"noopener\" href=\"http:\/\/www.planet-schule.de\/wissenspool\/deutsch-lernen-mit-mumbro-zinell\/inhalt\/lernspiel-online.html\" target=\"_blank\">http:\/\/www.planet-schule.de\/wissenspool\/deutsch-lernen-mit-mumbro-zinell\/inhalt\/lernspiel-online.html <\/a><br><\/p>\n\n\n\n<p><strong>Deutsch mit Socke<\/strong><br>Auch die Serie \u201eDeutsch mit Socke\u201c hilft Kindern im Grundschulalter beim Deutschlernen: Die Handpuppe Socke kommt aus Sockenland und spricht daher nicht so gut Deutsch. Als Socke jedoch Esther kennenlernt, hat er nicht nur eine neue Freundin, sondern auch eine humorvolle Lehrerin gefunden. Die Abenteuer, die die beiden erleben, sind leicht verst\u00e4ndlich, viele Redewendungen werden wiederholt.<\/p>\n\n\n\n<p><a href=\"http:\/\/www.planet-schule.de\/sf\/filme-online.php?film=10005&amp;reihe=1419\" target=\"_blank\" rel=\"noopener\">http:\/\/www.planet-schule.de\/sf\/filme-online.php?film=10005&amp;reihe=1419<\/a><\/p>\n\n\n\n<p><strong>Flucht und Migration<\/strong><br>Ali, Hamid, Juliane, Rachel und Navid sind unter abenteuerlichen Umst\u00e4nden aus ihren Heimatl\u00e4ndern nach Europa geflohen. Hier f\u00fchlen sie sich sicher, haben Freunde gefunden. Und trotzdem werden sie noch immer von \u00c4ngsten und Alptr\u00e4umen geplagt. In den Animationsfilmen der Reihe \u201eZuflucht gesucht\u201c erz\u00e4hlen Kinder, die Flucht und Vertreibung erlebt haben, ihre eigenen Geschichten.<\/p>\n\n\n\n<p><a href=\"http:\/\/www.planet-schule.de\/wissenspool\/seeking-refuge\/inhalt.html\" target=\"_blank\" rel=\"noopener\">http:\/\/www.planet-schule.de\/wissenspool\/seeking-refuge\/inhalt.html <\/a><\/p>\n\n\n\n<p>Leben mit und zwischen zwei Kulturen kann sehr sch\u00f6n aber auch sehr anstrengend sein. Viele Sch\u00fcler haben einen Migrationshintergrund und kennen diese Gef\u00fchle. Die Reihe \u201eZu Hause in Deutschland\u201c stellt Kinder vor, die mit mehreren Kulturen aufwachsen, und begleitet sie bei einer Reise ins Heimatland der Eltern.<\/p>\n\n\n\n<p><a href=\"http:\/\/www.planet-schule.de\/wissenspool\/zu-hause-in-deutschland\/inhalt.html\" target=\"_blank\" rel=\"noopener\">http:\/\/www.planet-schule.de\/wissenspool\/zu-hause-in-deutschland\/inhalt.html <\/a><\/p>\n\n\n\n<p><strong>Wissen \u00fcber Deutschland<\/strong><br>Bei \u201e2 durch Deutschland\u201c geht es mit Esther und Andr\u00e9 in einer rasanten Schnitzeljagd quer durch die Republik. Dabei gibt es allerhand zu entdecken und viele R\u00e4tsel zu l\u00f6sen. Im gro\u00dfen Online-Spiel k\u00f6nnen die Sch\u00fcler sich durch die 16 Bundesl\u00e4nder spielen und dabei ihr Wissen und ihre Geschicklichkeit testen.<\/p>\n\n\n\n<p><a href=\"http:\/\/www.planet-schule.de\/index.php?id=15771\" target=\"_blank\" rel=\"noopener\">http:\/\/www.planet-schule.de\/index.php?id=15771<\/a><\/p>\n\n\n\n<p><strong>Philosophieren mit Kindern<\/strong><br>Mit Knietzsche, dem kleinsten Philosophen der Welt, lernen Kinder, die Welt zu hinterfragen, und begeben sich nun &#8211;&nbsp; Dank des Engagements der rbb-Kolleginnen der Aktion Schulstunde&nbsp; &#8211;&nbsp; auch auf Spurensuche zum Thema \u201eHeimat\u201c:<\/p>\n\n\n\n<p>Viele weitere Weisheiten des kleinen Philosophen finden Sie unter:<br><a rel=\"noopener\" href=\"http:\/\/www.planet-schule.de\/wissenspool\/knietzsche-der-kleinste-philosoph-der-welt\/inhalt.html\" target=\"_blank\">http:\/\/www.planet-schule.de\/wissenspool\/knietzsche-der-kleinste-philosoph-der-welt\/inhalt.html <\/a><\/p>\n\n\n\n<p><\/p>\n\n\n\n<p>Das Medienzentrum stellt f\u00fcr Schulen und andere Bildungseinrichtungen \u00fcber die Inhalte der Internetplattform noch zahlreiche, weitere Medien von planet schule bereit.<\/p>\n","protected":false},"excerpt":{"rendered":"<p>Unterrichten mit der Internetplattform Auf der Internetplattform von Planet Schule findet man neben vielen unterrichtsrelevanten Themen auch sehr aktuelles Material zum Thema Deutsch als Fremdsprache.Planet Schule greift hierf\u00fcr vor allem die aktuellen Themenkomplexe Flucht, Migration und Integration auf. Zu diesen Themen, die auch Kinder betreffen und besch\u00e4ftigen, bietet Planet Schule\u2026<\/p>\n<p> <a class=\"continue-reading-link\" href=\"https:\/\/www.mz-wittlich.de\/?page_id=730\"><span>Weiterlesen..<\/span><i class=\"crycon-right-dir\"><\/i><\/a> <\/p>\n","protected":false},"author":1,"featured_media":0,"parent":459,"menu_order":0,"comment_status":"closed","ping_status":"closed","template":"","meta":{"footnotes":""},"class_list":["post-730","page","type-page","status-publish","hentry"],"_links":{"self":[{"href":"https:\/\/www.mz-wittlich.de\/index.php?rest_route=\/wp\/v2\/pages\/730","targetHints":{"allow":["GET"]}}],"collection":[{"href":"https:\/\/www.mz-wittlich.de\/index.php?rest_route=\/wp\/v2\/pages"}],"about":[{"href":"https:\/\/www.mz-wittlich.de\/index.php?rest_route=\/wp\/v2\/types\/page"}],"author":[{"embeddable":true,"href":"https:\/\/www.mz-wittlich.de\/index.php?rest_route=\/wp\/v2\/users\/1"}],"replies":[{"embeddable":true,"href":"https:\/\/www.mz-wittlich.de\/index.php?rest_route=%2Fwp%2Fv2%2Fcomments&post=730"}],"version-history":[{"count":5,"href":"https:\/\/www.mz-wittlich.de\/index.php?rest_route=\/wp\/v2\/pages\/730\/revisions"}],"predecessor-version":[{"id":2316,"href":"https:\/\/www.mz-wittlich.de\/index.php?rest_route=\/wp\/v2\/pages\/730\/revisions\/2316"}],"up":[{"embeddable":true,"href":"https:\/\/www.mz-wittlich.de\/index.php?rest_route=\/wp\/v2\/pages\/459"}],"wp:attachment":[{"href":"https:\/\/www.mz-wittlich.de\/index.php?rest_route=%2Fwp%2Fv2%2Fmedia&parent=730"}],"curies":[{"name":"wp","href":"https:\/\/api.w.org\/{rel}","templated":true}]}}