{"id":737,"date":"2016-10-04T17:03:38","date_gmt":"2016-10-04T17:03:38","guid":{"rendered":"http:\/\/hs.mz-wittlich.de\/?page_id=737"},"modified":"2022-02-02T09:51:50","modified_gmt":"2022-02-02T09:51:50","slug":"geraee-verleih","status":"publish","type":"page","link":"https:\/\/www.mz-wittlich.de\/?page_id=737","title":{"rendered":"Ger\u00e4te-Verleih"},"content":{"rendered":"<p>Zur Unterst\u00fctzung der Schulen und Bildungseinrichtungen im Betreuungsbereich unterh\u00e4lt das Medienzentrum Bernkastel-Wittlich einen Ger\u00e4teverleih.<br \/>\nDadurch k\u00f6nnen kostenintensive Ger\u00e4te, f\u00fcr die nichtkommerzielle Bildungsarbeit in Kinderg\u00e4rten, Schulen, Bildungseinrichtungen und \u00f6ffentlichen Einrichtungen bereitgestellt und entliehen werden.<\/p>\n<p>Folgende Ger\u00e4te k\u00f6nnen f\u00fcr die nichtkommerzielle Bildungsarbeit in Kinderg\u00e4rten, Schulen, Bildungseinrichtungen und \u00f6ffentlichen Einrichtungen entliehen werden:<\/p>\n<hr \/>\n<h2>iPad &#8211; Drei iPad Koffer<\/h2>\n<p>Drei iPad-Koffer, jeweils mit integriertem Ladeger\u00e4t, Apple-TV und\u00a0 WLAN-Router.<br \/>\n<strong>Koffer1<\/strong><br \/>\n15 iPad 2018 32GB + 1LehreriPad 2018 128GB mit Pencil<\/p>\n<p><strong>Koffer2<\/strong><br \/>\n10 iPad 2018 32GB + 1LehreriPad 2018 128GB mit Pencil<\/p>\n<p><strong>Koffer3<br \/>\n<\/strong>10\u00a0 iPad 3\u00a0 32GB<\/p>\n<p>Sie haben die M\u00f6glichkeit zahlreiche, auch teils kostenpflichtige Apps, die wir f\u00fcr Sie je nach Bedarf vor dem Verleih aufspielen, zu nutzen.<\/p>\n<p><img loading=\"lazy\" decoding=\"async\" class=\"alignleft wp-image-823\" src=\"https:\/\/www.mz-wittlich.de\/wp-content\/uploads\/2016\/11\/iPad-Koffer-01-Medium-300x265.jpg\" alt=\"\" width=\"400\" height=\"354\" srcset=\"https:\/\/www.mz-wittlich.de\/wp-content\/uploads\/2016\/11\/iPad-Koffer-01-Medium-300x265.jpg 300w, https:\/\/www.mz-wittlich.de\/wp-content\/uploads\/2016\/11\/iPad-Koffer-01-Medium-768x680.jpg 768w, https:\/\/www.mz-wittlich.de\/wp-content\/uploads\/2016\/11\/iPad-Koffer-01-Medium-170x150.jpg 170w, https:\/\/www.mz-wittlich.de\/wp-content\/uploads\/2016\/11\/iPad-Koffer-01-Medium-150x133.jpg 150w, https:\/\/www.mz-wittlich.de\/wp-content\/uploads\/2016\/11\/iPad-Koffer-01-Medium.jpg 868w\" sizes=\"auto, (max-width: 400px) 100vw, 400px\" \/><\/p>\n<p><img loading=\"lazy\" decoding=\"async\" class=\"wp-image-824 alignleft\" src=\"https:\/\/www.mz-wittlich.de\/wp-content\/uploads\/2016\/11\/iPad-Koffer-02-Medium.jpg\" alt=\"\" width=\"400\" height=\"254\" srcset=\"https:\/\/www.mz-wittlich.de\/wp-content\/uploads\/2016\/11\/iPad-Koffer-02-Medium.jpg 1208w, https:\/\/www.mz-wittlich.de\/wp-content\/uploads\/2016\/11\/iPad-Koffer-02-Medium-300x191.jpg 300w, https:\/\/www.mz-wittlich.de\/wp-content\/uploads\/2016\/11\/iPad-Koffer-02-Medium-768x488.jpg 768w, https:\/\/www.mz-wittlich.de\/wp-content\/uploads\/2016\/11\/iPad-Koffer-02-Medium-236x150.jpg 236w, https:\/\/www.mz-wittlich.de\/wp-content\/uploads\/2016\/11\/iPad-Koffer-02-Medium-150x95.jpg 150w\" sizes=\"auto, (max-width: 400px) 100vw, 400px\" \/><\/p>\n<p><img loading=\"lazy\" decoding=\"async\" class=\"alignleft wp-image-655\" src=\"https:\/\/www.mz-wittlich.de\/wp-content\/uploads\/2016\/09\/Bild-1-iPads-Small.jpg\" alt=\"\" width=\"400\" height=\"277\" srcset=\"https:\/\/www.mz-wittlich.de\/wp-content\/uploads\/2016\/09\/Bild-1-iPads-Small.jpg 694w, https:\/\/www.mz-wittlich.de\/wp-content\/uploads\/2016\/09\/Bild-1-iPads-Small-300x207.jpg 300w, https:\/\/www.mz-wittlich.de\/wp-content\/uploads\/2016\/09\/Bild-1-iPads-Small-217x150.jpg 217w, https:\/\/www.mz-wittlich.de\/wp-content\/uploads\/2016\/09\/Bild-1-iPads-Small-150x104.jpg 150w\" sizes=\"auto, (max-width: 400px) 100vw, 400px\" \/><\/p>\n<hr \/>\n<h2><\/h2>\n<h2><\/h2>\n<h2><\/h2>\n<h2><\/h2>\n<h2><\/h2>\n<h2><\/h2>\n<hr \/>\n<h2>Beamer LED &#8211; Casio XJ-V1<\/h2>\n<p>Der Casio XJ-V1 ist ein leistungsstarker Tisch-Beamer, der sehr einfach in der Bedienung ist und sehr schnell betriebsbereit ist. Er wird mit Lautsprechern und den notwendigen Kabeln verliehen.<\/p>\n<p><a href=\"https:\/\/www.mz-wittlich.de\/wp-content\/uploads\/2016\/11\/Beamer-Casio-XJ-V1-1-Medium.jpg\"><img loading=\"lazy\" decoding=\"async\" class=\"alignnone wp-image-821\" src=\"http:\/\/hs.mz-wittlich.de\/wp-content\/uploads\/2016\/11\/Beamer-Casio-XJ-V1-1-Medium.jpg\" alt=\"beamer-casio-xj-v1-1-medium\" width=\"400\" height=\"367\" srcset=\"https:\/\/www.mz-wittlich.de\/wp-content\/uploads\/2016\/11\/Beamer-Casio-XJ-V1-1-Medium.jpg 838w, https:\/\/www.mz-wittlich.de\/wp-content\/uploads\/2016\/11\/Beamer-Casio-XJ-V1-1-Medium-300x275.jpg 300w, https:\/\/www.mz-wittlich.de\/wp-content\/uploads\/2016\/11\/Beamer-Casio-XJ-V1-1-Medium-768x704.jpg 768w, https:\/\/www.mz-wittlich.de\/wp-content\/uploads\/2016\/11\/Beamer-Casio-XJ-V1-1-Medium-164x150.jpg 164w, https:\/\/www.mz-wittlich.de\/wp-content\/uploads\/2016\/11\/Beamer-Casio-XJ-V1-1-Medium-150x137.jpg 150w\" sizes=\"auto, (max-width: 400px) 100vw, 400px\" \/><\/a><\/p>\n<p><a href=\"https:\/\/www.mz-wittlich.de\/wp-content\/uploads\/2016\/11\/Beamer-Casio-XJ-V1-2-Medium.jpg\"><img loading=\"lazy\" decoding=\"async\" class=\"alignnone wp-image-827\" src=\"http:\/\/hs.mz-wittlich.de\/wp-content\/uploads\/2016\/11\/Beamer-Casio-XJ-V1-2-Medium.jpg\" alt=\"beamer-casio-xj-v1-2-medium\" width=\"400\" height=\"218\" srcset=\"https:\/\/www.mz-wittlich.de\/wp-content\/uploads\/2016\/11\/Beamer-Casio-XJ-V1-2-Medium.jpg 1366w, https:\/\/www.mz-wittlich.de\/wp-content\/uploads\/2016\/11\/Beamer-Casio-XJ-V1-2-Medium-300x163.jpg 300w, https:\/\/www.mz-wittlich.de\/wp-content\/uploads\/2016\/11\/Beamer-Casio-XJ-V1-2-Medium-768x418.jpg 768w, https:\/\/www.mz-wittlich.de\/wp-content\/uploads\/2016\/11\/Beamer-Casio-XJ-V1-2-Medium-250x136.jpg 250w, https:\/\/www.mz-wittlich.de\/wp-content\/uploads\/2016\/11\/Beamer-Casio-XJ-V1-2-Medium-150x82.jpg 150w\" sizes=\"auto, (max-width: 400px) 100vw, 400px\" \/><\/a><\/p>\n<h2><\/h2>\n<hr \/>\n<h2>Beamer BenQ MX660p<\/h2>\n<p><a href=\"https:\/\/www.mz-wittlich.de\/wp-content\/uploads\/2016\/11\/Beamer-BenQ-MX660p-1-Medium.jpg\"><img loading=\"lazy\" decoding=\"async\" class=\"alignnone wp-image-836\" src=\"http:\/\/hs.mz-wittlich.de\/wp-content\/uploads\/2016\/11\/Beamer-BenQ-MX660p-1-Medium.jpg\" alt=\"beamer-benq-mx660p-1-medium\" width=\"400\" height=\"259\" srcset=\"https:\/\/www.mz-wittlich.de\/wp-content\/uploads\/2016\/11\/Beamer-BenQ-MX660p-1-Medium.jpg 1186w, https:\/\/www.mz-wittlich.de\/wp-content\/uploads\/2016\/11\/Beamer-BenQ-MX660p-1-Medium-300x194.jpg 300w, https:\/\/www.mz-wittlich.de\/wp-content\/uploads\/2016\/11\/Beamer-BenQ-MX660p-1-Medium-768x497.jpg 768w, https:\/\/www.mz-wittlich.de\/wp-content\/uploads\/2016\/11\/Beamer-BenQ-MX660p-1-Medium-232x150.jpg 232w, https:\/\/www.mz-wittlich.de\/wp-content\/uploads\/2016\/11\/Beamer-BenQ-MX660p-1-Medium-150x97.jpg 150w\" sizes=\"auto, (max-width: 400px) 100vw, 400px\" \/><\/a><\/p>\n<p><a href=\"https:\/\/www.mz-wittlich.de\/wp-content\/uploads\/2016\/11\/Beamer-BenQ-MX660p-2-Medium.jpg\"><img loading=\"lazy\" decoding=\"async\" class=\"alignnone wp-image-837\" src=\"http:\/\/hs.mz-wittlich.de\/wp-content\/uploads\/2016\/11\/Beamer-BenQ-MX660p-2-Medium.jpg\" alt=\"beamer-benq-mx660p-2-medium\" width=\"400\" height=\"187\" srcset=\"https:\/\/www.mz-wittlich.de\/wp-content\/uploads\/2016\/11\/Beamer-BenQ-MX660p-2-Medium.jpg 1366w, https:\/\/www.mz-wittlich.de\/wp-content\/uploads\/2016\/11\/Beamer-BenQ-MX660p-2-Medium-300x140.jpg 300w, https:\/\/www.mz-wittlich.de\/wp-content\/uploads\/2016\/11\/Beamer-BenQ-MX660p-2-Medium-768x359.jpg 768w, https:\/\/www.mz-wittlich.de\/wp-content\/uploads\/2016\/11\/Beamer-BenQ-MX660p-2-Medium-250x117.jpg 250w, https:\/\/www.mz-wittlich.de\/wp-content\/uploads\/2016\/11\/Beamer-BenQ-MX660p-2-Medium-150x70.jpg 150w\" sizes=\"auto, (max-width: 400px) 100vw, 400px\" \/><\/a><\/p>\n<hr \/>\n<h2>Elmo Mo-1 Dokumentenkamera \u2013 Visualizer<\/h2>\n<p>Mit der sehr handlichen Elmo k\u00f6nnen Sie in Verbindung mit einem Beamer alles an die Wand beamen, was unter die Linse passt. Hierzu ben\u00f6tigen Sie keinen PC.<br \/>\nWird die Elmo an einen PC angeschlossen, so m\u00fcssen Sie die beiliegende Software installieren, haben dann aber auch alle M\u00f6glichkeiten, das gescannte Bildmaterial weiter zu verarbeiten. Besonders interessant ist die Nutzung in Verbindung eines IWBs (Interaktives White Board).<\/p>\n<p><a href=\"https:\/\/www.mz-wittlich.de\/wp-content\/uploads\/2016\/11\/Elmo-1-Medium.jpg\"><img loading=\"lazy\" decoding=\"async\" class=\"alignnone wp-image-838\" src=\"http:\/\/hs.mz-wittlich.de\/wp-content\/uploads\/2016\/11\/Elmo-1-Medium.jpg\" alt=\"elmo-1-medium\" width=\"400\" height=\"327\" srcset=\"https:\/\/www.mz-wittlich.de\/wp-content\/uploads\/2016\/11\/Elmo-1-Medium.jpg 939w, https:\/\/www.mz-wittlich.de\/wp-content\/uploads\/2016\/11\/Elmo-1-Medium-300x245.jpg 300w, https:\/\/www.mz-wittlich.de\/wp-content\/uploads\/2016\/11\/Elmo-1-Medium-768x628.jpg 768w, https:\/\/www.mz-wittlich.de\/wp-content\/uploads\/2016\/11\/Elmo-1-Medium-183x150.jpg 183w, https:\/\/www.mz-wittlich.de\/wp-content\/uploads\/2016\/11\/Elmo-1-Medium-150x123.jpg 150w\" sizes=\"auto, (max-width: 400px) 100vw, 400px\" \/><\/a><\/p>\n<hr \/>\n<h2>dnt Viewscann &#8211; Dokumentenscanner<\/h2>\n<p>Der dnt Dokumentenscanner verf\u00fcgt nicht \u00fcber die Qualit\u00e4ten der Elom Dokumentenkamera, eignet sich aber dennoch gut um ruhende Gegenst\u00e4nde (Heft- oder Buchseiten) mit Hilfe eines Beamers oder eines IWBs zu veranschaulichen.<br \/>\nEr wird mittels USB-Kabel an einen PC angeschlossen. Auch hier liegt die ben\u00f6tigte Treibersoftware bei.<\/p>\n<hr \/>\n<h2>GoPro 4 Silver Action-Kamera<\/h2>\n<p>Mit der GoPro lassen sich beeindruckende Aufnahmen machen. Sie ist f\u00fcr viele Video-Projekte einsetzbar. Die besonderen St\u00e4rken dieser Video-Cam liegen im Bereich Sport.<br \/>\nZur GoPro geh\u00f6rt ein umfangreiches Zubeh\u00f6rpaket.<\/p>\n<p><a href=\"https:\/\/www.mz-wittlich.de\/wp-content\/uploads\/2016\/11\/GoPro-4-Silver-01-Medium.jpg\"><img loading=\"lazy\" decoding=\"async\" class=\"alignnone wp-image-839\" src=\"http:\/\/hs.mz-wittlich.de\/wp-content\/uploads\/2016\/11\/GoPro-4-Silver-01-Medium.jpg\" alt=\"gopro-4-silver-01-medium\" width=\"400\" height=\"312\" srcset=\"https:\/\/www.mz-wittlich.de\/wp-content\/uploads\/2016\/11\/GoPro-4-Silver-01-Medium.jpg 984w, https:\/\/www.mz-wittlich.de\/wp-content\/uploads\/2016\/11\/GoPro-4-Silver-01-Medium-300x234.jpg 300w, https:\/\/www.mz-wittlich.de\/wp-content\/uploads\/2016\/11\/GoPro-4-Silver-01-Medium-768x599.jpg 768w, https:\/\/www.mz-wittlich.de\/wp-content\/uploads\/2016\/11\/GoPro-4-Silver-01-Medium-192x150.jpg 192w, https:\/\/www.mz-wittlich.de\/wp-content\/uploads\/2016\/11\/GoPro-4-Silver-01-Medium-150x117.jpg 150w, https:\/\/www.mz-wittlich.de\/wp-content\/uploads\/2016\/11\/GoPro-4-Silver-01-Medium-400x311.jpg 400w\" sizes=\"auto, (max-width: 400px) 100vw, 400px\" \/><\/a><\/p>\n<hr \/>\n<h2>Panasonic HC-V707 HD-Video Kamera (SD-Kartenspeicherung)<\/h2>\n<p><a href=\"https:\/\/www.mz-wittlich.de\/wp-content\/uploads\/2016\/11\/Panasonic-HC-V707-1-Medium.jpg\"><img loading=\"lazy\" decoding=\"async\" class=\"alignnone wp-image-842\" src=\"http:\/\/hs.mz-wittlich.de\/wp-content\/uploads\/2016\/11\/Panasonic-HC-V707-1-Medium.jpg\" alt=\"panasonic-hc-v707-1-medium\" width=\"400\" height=\"254\" srcset=\"https:\/\/www.mz-wittlich.de\/wp-content\/uploads\/2016\/11\/Panasonic-HC-V707-1-Medium.jpg 1209w, https:\/\/www.mz-wittlich.de\/wp-content\/uploads\/2016\/11\/Panasonic-HC-V707-1-Medium-300x191.jpg 300w, https:\/\/www.mz-wittlich.de\/wp-content\/uploads\/2016\/11\/Panasonic-HC-V707-1-Medium-768x488.jpg 768w, https:\/\/www.mz-wittlich.de\/wp-content\/uploads\/2016\/11\/Panasonic-HC-V707-1-Medium-236x150.jpg 236w, https:\/\/www.mz-wittlich.de\/wp-content\/uploads\/2016\/11\/Panasonic-HC-V707-1-Medium-150x95.jpg 150w\" sizes=\"auto, (max-width: 400px) 100vw, 400px\" \/><\/a><\/p>\n<p><a href=\"https:\/\/www.mz-wittlich.de\/wp-content\/uploads\/2016\/11\/Panasonic-HC-V707-2-Medium.jpg\"><img loading=\"lazy\" decoding=\"async\" class=\"alignnone wp-image-843\" src=\"http:\/\/hs.mz-wittlich.de\/wp-content\/uploads\/2016\/11\/Panasonic-HC-V707-2-Medium.jpg\" alt=\"panasonic-hc-v707-2-medium\" width=\"400\" height=\"367\" srcset=\"https:\/\/www.mz-wittlich.de\/wp-content\/uploads\/2016\/11\/Panasonic-HC-V707-2-Medium.jpg 838w, https:\/\/www.mz-wittlich.de\/wp-content\/uploads\/2016\/11\/Panasonic-HC-V707-2-Medium-300x275.jpg 300w, https:\/\/www.mz-wittlich.de\/wp-content\/uploads\/2016\/11\/Panasonic-HC-V707-2-Medium-768x704.jpg 768w, https:\/\/www.mz-wittlich.de\/wp-content\/uploads\/2016\/11\/Panasonic-HC-V707-2-Medium-164x150.jpg 164w, https:\/\/www.mz-wittlich.de\/wp-content\/uploads\/2016\/11\/Panasonic-HC-V707-2-Medium-150x137.jpg 150w\" sizes=\"auto, (max-width: 400px) 100vw, 400px\" \/><\/a><\/p>\n<hr \/>\n<h2>GPS \u2013 GeoCaching<\/h2>\n<p>7 Garmin Etrex10 GPS-Ger\u00e4te mit Kartenmaterial<br \/>\n1 Garmin Dakota10\u00a0 GPS-Ger\u00e4t mit Kartenmaterial<\/p>\n<p><a href=\"https:\/\/www.mz-wittlich.de\/wp-content\/uploads\/2016\/11\/GPS-Ger\u00e4te-02-Medium.jpg\"><img loading=\"lazy\" decoding=\"async\" class=\"alignnone wp-image-840\" src=\"http:\/\/hs.mz-wittlich.de\/wp-content\/uploads\/2016\/11\/GPS-Ger\u00e4te-02-Medium.jpg\" alt=\"gps-geraete-02-medium\" width=\"400\" height=\"266\" srcset=\"https:\/\/www.mz-wittlich.de\/wp-content\/uploads\/2016\/11\/GPS-Ger\u00e4te-02-Medium.jpg 1156w, https:\/\/www.mz-wittlich.de\/wp-content\/uploads\/2016\/11\/GPS-Ger\u00e4te-02-Medium-300x199.jpg 300w, https:\/\/www.mz-wittlich.de\/wp-content\/uploads\/2016\/11\/GPS-Ger\u00e4te-02-Medium-768x510.jpg 768w, https:\/\/www.mz-wittlich.de\/wp-content\/uploads\/2016\/11\/GPS-Ger\u00e4te-02-Medium-226x150.jpg 226w, https:\/\/www.mz-wittlich.de\/wp-content\/uploads\/2016\/11\/GPS-Ger\u00e4te-02-Medium-150x100.jpg 150w\" sizes=\"auto, (max-width: 400px) 100vw, 400px\" \/><\/a><\/p>\n<p><a href=\"https:\/\/www.mz-wittlich.de\/wp-content\/uploads\/2016\/11\/GPS-Ger\u00e4te-01-Medium.jpg\"><img loading=\"lazy\" decoding=\"async\" class=\"alignnone wp-image-841\" src=\"http:\/\/hs.mz-wittlich.de\/wp-content\/uploads\/2016\/11\/GPS-Ger\u00e4te-01-Medium.jpg\" alt=\"gps-geraete-01-medium\" width=\"400\" height=\"204\" srcset=\"https:\/\/www.mz-wittlich.de\/wp-content\/uploads\/2016\/11\/GPS-Ger\u00e4te-01-Medium.jpg 1366w, https:\/\/www.mz-wittlich.de\/wp-content\/uploads\/2016\/11\/GPS-Ger\u00e4te-01-Medium-300x153.jpg 300w, https:\/\/www.mz-wittlich.de\/wp-content\/uploads\/2016\/11\/GPS-Ger\u00e4te-01-Medium-768x392.jpg 768w, https:\/\/www.mz-wittlich.de\/wp-content\/uploads\/2016\/11\/GPS-Ger\u00e4te-01-Medium-250x128.jpg 250w, https:\/\/www.mz-wittlich.de\/wp-content\/uploads\/2016\/11\/GPS-Ger\u00e4te-01-Medium-150x77.jpg 150w\" sizes=\"auto, (max-width: 400px) 100vw, 400px\" \/><\/a><\/p>\n","protected":false},"excerpt":{"rendered":"<p>Zur Unterst\u00fctzung der Schulen und Bildungseinrichtungen im Betreuungsbereich unterh\u00e4lt das Medienzentrum Bernkastel-Wittlich einen Ger\u00e4teverleih. Dadurch k\u00f6nnen kostenintensive Ger\u00e4te, f\u00fcr die nichtkommerzielle Bildungsarbeit in Kinderg\u00e4rten, Schulen, Bildungseinrichtungen und \u00f6ffentlichen Einrichtungen bereitgestellt und entliehen werden. Folgende Ger\u00e4te k\u00f6nnen f\u00fcr die nichtkommerzielle Bildungsarbeit in Kinderg\u00e4rten, Schulen, Bildungseinrichtungen und \u00f6ffentlichen Einrichtungen entliehen werden: iPad\u2026<\/p>\n<p> <a class=\"continue-reading-link\" href=\"https:\/\/www.mz-wittlich.de\/?page_id=737\"><span>Weiterlesen..<\/span><i class=\"crycon-right-dir\"><\/i><\/a> <\/p>\n","protected":false},"author":1,"featured_media":0,"parent":0,"menu_order":0,"comment_status":"closed","ping_status":"closed","template":"","meta":{"footnotes":""},"class_list":["post-737","page","type-page","status-publish","hentry"],"_links":{"self":[{"href":"https:\/\/www.mz-wittlich.de\/index.php?rest_route=\/wp\/v2\/pages\/737","targetHints":{"allow":["GET"]}}],"collection":[{"href":"https:\/\/www.mz-wittlich.de\/index.php?rest_route=\/wp\/v2\/pages"}],"about":[{"href":"https:\/\/www.mz-wittlich.de\/index.php?rest_route=\/wp\/v2\/types\/page"}],"author":[{"embeddable":true,"href":"https:\/\/www.mz-wittlich.de\/index.php?rest_route=\/wp\/v2\/users\/1"}],"replies":[{"embeddable":true,"href":"https:\/\/www.mz-wittlich.de\/index.php?rest_route=%2Fwp%2Fv2%2Fcomments&post=737"}],"version-history":[{"count":20,"href":"https:\/\/www.mz-wittlich.de\/index.php?rest_route=\/wp\/v2\/pages\/737\/revisions"}],"predecessor-version":[{"id":1698,"href":"https:\/\/www.mz-wittlich.de\/index.php?rest_route=\/wp\/v2\/pages\/737\/revisions\/1698"}],"wp:attachment":[{"href":"https:\/\/www.mz-wittlich.de\/index.php?rest_route=%2Fwp%2Fv2%2Fmedia&parent=737"}],"curies":[{"name":"wp","href":"https:\/\/api.w.org\/{rel}","templated":true}]}}