{"id":774,"date":"2016-10-06T11:00:23","date_gmt":"2016-10-06T11:00:23","guid":{"rendered":"http:\/\/hs.mz-wittlich.de\/?page_id=774"},"modified":"2023-01-19T15:52:11","modified_gmt":"2023-01-19T14:52:11","slug":"termine","status":"publish","type":"page","link":"https:\/\/www.mz-wittlich.de\/?page_id=774","title":{"rendered":"Termine"},"content":{"rendered":"\n<p>Im folgenden Kalender sehen Sie alle wichtigen Termine, die das Medienzentrum betreffen.<br>Mit einem Klick auf den jeweiligen Eintrag erhalten Sie weitere Infos zu dem betreffenden Terim.<br>Sollten Sie ebenfalls \u00fcber ein Google-Kalender verf\u00fcgen, haben Sie hier die M\u00f6glichkeit einen Termin direkt in Ihren eigenen Kalender zu \u00fcbernehmen.<\/p>\n\n\n\n<iframe loading=\"lazy\" src=\"https:\/\/calendar.google.com\/calendar\/embed?height=600&#038;wkst=1&#038;bgcolor=%23ffffff&#038;ctz=Europe%2FBerlin&#038;showTitle=1&#038;showNav=1&#038;showTz=0&#038;showCalendars=1&#038;title=Medienzentrum%20Wittlich&#038;src=bWVkaWVuemVudHJ1bS53aXR0bGljaEBnbWFpbC5jb20&#038;src=ZGUuZ2VybWFuI2hvbGlkYXlAZ3JvdXAudi5jYWxlbmRhci5nb29nbGUuY29t&#038;color=%23039BE5&#038;color=%230B8043\" style=\"border:solid 1px #777\" width=\"800\" height=\"600\" frameborder=\"0\" scrolling=\"no\"><\/iframe>\n","protected":false},"excerpt":{"rendered":"<p>Im folgenden Kalender sehen Sie alle wichtigen Termine, die das Medienzentrum betreffen.Mit einem Klick auf den jeweiligen Eintrag erhalten Sie weitere Infos zu dem betreffenden Terim.Sollten Sie ebenfalls \u00fcber ein Google-Kalender verf\u00fcgen, haben Sie hier die M\u00f6glichkeit einen Termin direkt in Ihren eigenen Kalender zu \u00fcbernehmen.<\/p>\n<p> <a class=\"continue-reading-link\" href=\"https:\/\/www.mz-wittlich.de\/?page_id=774\"><span>Weiterlesen..<\/span><i class=\"crycon-right-dir\"><\/i><\/a> <\/p>\n","protected":false},"author":1,"featured_media":0,"parent":462,"menu_order":0,"comment_status":"closed","ping_status":"closed","template":"","meta":{"footnotes":""},"class_list":["post-774","page","type-page","status-publish","hentry"],"_links":{"self":[{"href":"https:\/\/www.mz-wittlich.de\/index.php?rest_route=\/wp\/v2\/pages\/774","targetHints":{"allow":["GET"]}}],"collection":[{"href":"https:\/\/www.mz-wittlich.de\/index.php?rest_route=\/wp\/v2\/pages"}],"about":[{"href":"https:\/\/www.mz-wittlich.de\/index.php?rest_route=\/wp\/v2\/types\/page"}],"author":[{"embeddable":true,"href":"https:\/\/www.mz-wittlich.de\/index.php?rest_route=\/wp\/v2\/users\/1"}],"replies":[{"embeddable":true,"href":"https:\/\/www.mz-wittlich.de\/index.php?rest_route=%2Fwp%2Fv2%2Fcomments&post=774"}],"version-history":[{"count":7,"href":"https:\/\/www.mz-wittlich.de\/index.php?rest_route=\/wp\/v2\/pages\/774\/revisions"}],"predecessor-version":[{"id":2029,"href":"https:\/\/www.mz-wittlich.de\/index.php?rest_route=\/wp\/v2\/pages\/774\/revisions\/2029"}],"up":[{"embeddable":true,"href":"https:\/\/www.mz-wittlich.de\/index.php?rest_route=\/wp\/v2\/pages\/462"}],"wp:attachment":[{"href":"https:\/\/www.mz-wittlich.de\/index.php?rest_route=%2Fwp%2Fv2%2Fmedia&parent=774"}],"curies":[{"name":"wp","href":"https:\/\/api.w.org\/{rel}","templated":true}]}}